{"id":38081,"date":"2026-02-16T23:55:28","date_gmt":"2026-02-16T23:55:28","guid":{"rendered":"https:\/\/princesscasino.mk\/blackjack\/"},"modified":"2026-04-24T21:31:58","modified_gmt":"2026-04-24T21:31:58","slug":"blackjack","status":"publish","type":"page","link":"https:\/\/princesscasino.mk\/sq\/blackjack\/","title":{"rendered":"Blackjack"},"content":{"rendered":"\t\t<div data-elementor-type=\"wp-page\" data-elementor-id=\"38081\" class=\"elementor elementor-38081 elementor-31944\" data-elementor-post-type=\"page\">\n\t\t\t\t<div class=\"wd-negative-gap elementor-element elementor-element-3a5c065 wd-section-stretch-content e-flex e-con-boxed e-con e-parent\" data-id=\"3a5c065\" data-element_type=\"container\" data-e-type=\"container\" data-settings=\"{&quot;background_background&quot;:&quot;classic&quot;}\">\n\t\t\t\t\t<div class=\"e-con-inner\">\n\t\t<div class=\"elementor-element elementor-element-9fa9f97 e-con-full wd-section-stretch-content e-flex e-con e-child\" data-id=\"9fa9f97\" data-element_type=\"container\" data-e-type=\"container\">\n\t\t<div class=\"elementor-element elementor-element-a832c1f e-con-full e-flex e-con e-child\" data-id=\"a832c1f\" data-element_type=\"container\" data-e-type=\"container\" data-settings=\"{&quot;motion_fx_motion_fx_scrolling&quot;:&quot;yes&quot;,&quot;motion_fx_translateY_effect&quot;:&quot;yes&quot;,&quot;motion_fx_translateY_speed&quot;:{&quot;unit&quot;:&quot;px&quot;,&quot;size&quot;:4,&quot;sizes&quot;:[]},&quot;motion_fx_translateY_affectedRange&quot;:{&quot;unit&quot;:&quot;%&quot;,&quot;size&quot;:&quot;&quot;,&quot;sizes&quot;:{&quot;start&quot;:0,&quot;end&quot;:100}},&quot;motion_fx_devices&quot;:[&quot;desktop&quot;,&quot;tablet&quot;,&quot;mobile&quot;]}\">\n\t\t\t\t<div class=\"elementor-element elementor-element-89335aa elementor-widget elementor-widget-wd_image_or_svg\" data-id=\"89335aa\" data-element_type=\"widget\" data-e-type=\"widget\" data-widget_type=\"wd_image_or_svg.default\">\n\t\t\t\t<div class=\"elementor-widget-container\">\n\t\t\t\t\t\n\t\t<div class=\"wd-image text-center\">\n\t\t\t\t\t\t\t\t<img loading=\"lazy\" decoding=\"async\" width=\"545\" height=\"644\" src=\"https:\/\/princesscasino.mk\/wp-content\/uploads\/2026\/02\/black_slide.png\" class=\"attachment-full size-full\" alt=\"\" srcset=\"https:\/\/princesscasino.mk\/wp-content\/uploads\/2026\/02\/black_slide.png 545w, https:\/\/princesscasino.mk\/wp-content\/uploads\/2026\/02\/black_slide-430x508.png 430w, https:\/\/princesscasino.mk\/wp-content\/uploads\/2026\/02\/black_slide-150x177.png 150w, https:\/\/princesscasino.mk\/wp-content\/uploads\/2026\/02\/black_slide-254x300.png 254w\" sizes=\"auto, (max-width: 545px) 100vw, 545px\" \/>\t\t\t\t\t<\/div>\n\n\t\t\t\t\t\t<\/div>\n\t\t\t\t<\/div>\n\t\t\t\t<\/div>\n\t\t<div class=\"elementor-element elementor-element-f2ac633 e-con-full e-flex e-con e-child\" data-id=\"f2ac633\" data-element_type=\"container\" data-e-type=\"container\">\n\t\t\t\t<div class=\"elementor-element elementor-element-1a7b8fe wd-animation-slide-from-bottom wd-animation-normal wd_delay_100 wd-animation wd-transform elementor-widget elementor-widget-wd_text_block\" data-id=\"1a7b8fe\" data-element_type=\"widget\" data-e-type=\"widget\" data-widget_type=\"wd_text_block.default\">\n\t\t\t\t<div class=\"elementor-widget-container\">\n\t\t\t\t\t\t\t<div class=\"wd-text-block reset-last-child text-left\">\n\t\t\t\n\t\t\t<p>Blackjack<\/p>\n\t\t\t\t\t<\/div>\n\t\t\t\t\t\t<\/div>\n\t\t\t\t<\/div>\n\t\t\t\t<div class=\"elementor-element elementor-element-d005ddb wd-animation-slide-from-bottom wd_delay_300 wd-width-100 wd-animation-normal wd-animation wd-transform elementor-widget elementor-widget-wd_title\" data-id=\"d005ddb\" data-element_type=\"widget\" data-e-type=\"widget\" data-widget_type=\"wd_title.default\">\n\t\t\t\t<div class=\"elementor-widget-container\">\n\t\t\t\t\t\t\t<div class=\"title-wrapper wd-set-mb reset-last-child wd-title-color-default wd-title-style-default wd-title-size-default text-left\">\n\n\t\t\t\n\t\t\t<div class=\"liner-continer\">\n\t\t\t\t<h4 class=\"woodmart-title-container title wd-fontsize-l\">Si t\u00eb luani<\/h4> \n\t\t\t\t\t\t\t<\/div>\n\n\t\t\t\t\t<\/div>\n\t\t\t\t\t\t<\/div>\n\t\t\t\t<\/div>\n\t\t\t\t<div class=\"elementor-element elementor-element-8d20431 wd-animation-slide-from-bottom wd-animation-normal wd_delay_100 wd-animation wd-transform elementor-widget elementor-widget-wd_text_block\" data-id=\"8d20431\" data-element_type=\"widget\" data-e-type=\"widget\" data-widget_type=\"wd_text_block.default\">\n\t\t\t\t<div class=\"elementor-widget-container\">\n\t\t\t\t\t\t\t<div class=\"wd-text-block reset-last-child text-left\">\n\t\t\t\n\t\t\t<p>Nj\u00eb nga loj\u00ebrat m\u00eb t\u00eb njohura t\u00eb t\u00eb gjitha koh\u00ebrave, nj\u00eb loj\u00eb letrash emocionuese dhe e leht\u00eb p\u00ebr t\u2019u luajtur. Q\u00ebllimi \u00ebsht\u00eb t\u00eb kesh nj\u00eb dor\u00eb me vler\u00eb totale m\u00eb t\u00eb lart\u00eb se ajo e shp\u00ebrndar\u00ebsit pa kaluar 21. B\u00ebni zgjedhjet tuaja strategjike, duke kombinuar aft\u00ebsit\u00eb tuaja me fatin.  <\/p>\n\t\t\t\t\t<\/div>\n\t\t\t\t\t\t<\/div>\n\t\t\t\t<\/div>\n\t\t\t\t<div class=\"elementor-element elementor-element-fcdd974 elementor-widget elementor-widget-wd_text_block\" data-id=\"fcdd974\" data-element_type=\"widget\" data-e-type=\"widget\" data-widget_type=\"wd_text_block.default\">\n\t\t\t\t<div class=\"elementor-widget-container\">\n\t\t\t\t\t\t\t<div class=\"wd-text-block reset-last-child text-left\">\n\t\t\t\n\t\t\t<p>Vendosni nj\u00eb bast n\u00eb zonat e basteve (kutit\u00eb) e sh\u00ebnuara n\u00eb tavolin\u00eb. N\u00eb secil\u00ebn kuti, nj\u00eb bast kryesor dhe dy baste prapa.<br>Lojtari q\u00eb vendos bastin kryesor \u00ebsht\u00eb ai q\u00eb e kontrollon at\u00eb kuti.<br>N\u00eb secil\u00ebn kuti q\u00eb ka nj\u00eb bast, do t\u00eb shp\u00ebrndahen dy letra me fytyr\u00eb lart dhe shp\u00ebrndar\u00ebsi do t\u00eb marr\u00eb vet\u00ebm nj\u00eb let\u00ebr me fytyr\u00eb lart.<br>Mbret\u00ebrit, mbret\u00ebreshat, xhaketat dhe dhjet\u00ebshet vlejn\u00eb t\u00eb gjitha 10. Asi ka vler\u00ebn 1 ose 11. Letrat e mbetura llogariten sipas vler\u00ebs s\u00eb tyre nominale.<br>N\u00ebse k\u00ebto dy letra jan\u00eb \u00e7far\u00ebdo letre me vler\u00eb 10 dhe nj\u00eb as, ky \u00ebsht\u00eb q\u00ebllimi i loj\u00ebs. \u00cbsht\u00eb nj\u00eb blackjack dhe paguhet 3 me 2.<br>N\u00ebse letra e shp\u00ebrndar\u00ebsit n\u00eb k\u00ebt\u00eb skenar \u00ebsht\u00eb nj\u00eb as, ju keni mund\u00ebsin\u00eb t\u00eb merrni menj\u00ebher\u00eb para t\u00eb barabarta, ose t\u00eb prisni dhe t\u00eb shihni rezultatin dhe t\u00eb keni nj\u00eb barazim ose t\u00eb merrni nj\u00eb pages\u00eb 3 me 2.<br>N\u00eb \u00e7do dy letra t\u00eb tjera, ju duhet t\u00eb vendosni ose t\u00eb q\u00ebndroni ose t\u00eb t\u00ebrhiqni sa letra t\u00eb d\u00ebshironi, duke synuar t\u00eb jeni sa m\u00eb af\u00ebr nj\u00eb totali prej 21.<br>Pasi t\u00eb gjith\u00eb lojtar\u00ebt t\u00eb ken\u00eb marr\u00eb radh\u00ebn e tyre, shp\u00ebrndar\u00ebsi t\u00ebrheq nj\u00eb let\u00ebr tjet\u00ebr p\u00ebr dor\u00ebn e tij. Shp\u00ebrndar\u00ebsi duhet t\u00eb t\u00ebrheq\u00eb deri n\u00eb 16 dhe duhet t\u00eb q\u00ebndroj\u00eb n\u00eb \u00e7do 17 ose m\u00eb t\u00eb lart\u00eb.<br>N\u00ebse totali i letrave tuaja \u00ebsht\u00eb m\u00eb af\u00ebr 21 sesa letrat e shp\u00ebrndar\u00ebsit, ju fitoni!<br>N\u00ebse letrat tuaja dhe letra e shp\u00ebrndar\u00ebsit jan\u00eb me vler\u00eb t\u00eb barabart\u00eb, \u00ebsht\u00eb nj\u00eb shtytje; ju nuk humbni dhe nuk fitoni. T\u00eb gjitha bastet fituese paguhen 1 me 1, p\u00ebrve\u00e7 blackjack, i cili paguhet 3 me 2.      <\/p><p><strong>Veprime opsionale n\u00eb blackjack - ju vendosni<\/strong><\/p><p>Dyfisho: Mund t\u00eb dyfishosh bastin t\u00ebnd fillestar n\u00eb \u00e7do kombinim me dy letra; do t\u00eb marr\u00ebsh vet\u00ebm nj\u00eb let\u00ebr, duke t\u00eb dh\u00ebn\u00eb mund\u00ebsin\u00eb t\u00eb dyfishosh fitimet.<br>Ndarje: Mund t\u00eb ndani \u00e7do pal\u00eb letrash me t\u00eb nj\u00ebjt\u00ebn vler\u00eb duke v\u00ebn\u00eb bast nj\u00eb bast shtes\u00eb.<br>E barabart\u00eb me bastin tuaj fillestar. Pastaj do t'ju shp\u00ebrndahet nj\u00eb let\u00ebr shtes\u00eb p\u00ebr secil\u00ebn prej letrave tuaja t\u00eb ndara, duke krijuar dy duar t\u00eb reja. N\u00ebse ndani aset, merrni vet\u00ebm nj\u00eb let\u00ebr p\u00ebr secilin prej aseve, dhe kur merrni nj\u00eb let\u00ebr me vler\u00eb 10, totali \u00ebsht\u00eb 21, jo blackjack.  <br>Sigurimi: n\u00ebse letra e par\u00eb e shp\u00ebrndar\u00ebsit \u00ebsht\u00eb nj\u00eb as dhe n\u00ebse mendoni se ai do t\u00eb fitoj\u00eb nj\u00eb blackjack, keni mund\u00ebsin\u00eb t\u00eb vendosni nj\u00eb bast t\u00eb ri deri n\u00eb gjysm\u00ebn e shum\u00ebs s\u00eb bastit tuaj total n\u00eb tavolin\u00eb. N\u00ebse shp\u00ebrndar\u00ebsi fiton nj\u00eb blackjack, sigurimi do t\u00eb paguhet 2 me 1, duke mbuluar humbjen e basteve tuaja fillestare. <br>Dor\u00ebzimi: Ke marr\u00eb dy letrat e para dhe asnj\u00eb nga lojtar\u00ebt e tjer\u00eb n\u00eb tavolin\u00eb nuk ka marr\u00eb ende vendim p\u00ebr t\u00eb t\u00ebrhequr nj\u00eb let\u00ebr t\u00eb tret\u00eb. Ke ndjesin\u00eb se do ta humbas\u00ebsh k\u00ebt\u00eb dor\u00eb kund\u00ebr letrave t\u00eb shp\u00ebrndar\u00ebsit, prandaj \u00ebsht\u00eb koha t\u00eb kursesh gjysm\u00ebn e bastit t\u00ebnd. Kjo t\u00eb jep mund\u00ebsin\u00eb t\u00eb dor\u00ebzosh gjysm\u00ebn e bastit t\u00ebnd n\u00eb \u00e7do kuti q\u00eb mendon se nuk do t'i mposht\u00eb letrat e shp\u00ebrndar\u00ebsit k\u00ebt\u00eb her\u00eb.  <\/p><p><br><strong>P\u00ebr minimumin dhe maksimumin n\u00eb tavolinat tona, ju lutemi t\u00eb pyesni lirisht cilindo nga an\u00ebtar\u00ebt e stafit ton\u00eb t\u00eb p\u00ebrkushtuar t\u00eb loj\u00ebrave live.<\/strong><\/p>\n\t\t\t\t\t<\/div>\n\t\t\t\t\t\t<\/div>\n\t\t\t\t<\/div>\n\t\t\t\t<\/div>\n\t\t\t\t<\/div>\n\t\t\t\t\t<\/div>\n\t\t\t\t<\/div>\n\t\t\t\t<\/div>\n\t\t","protected":false},"excerpt":{"rendered":"<p>Blackjack Si t\u00eb luani Nj\u00eb nga loj\u00ebrat m\u00eb t\u00eb njohura t\u00eb t\u00eb gjitha koh\u00ebrave, nj\u00eb loj\u00eb letrash emocionuese dhe e<\/p>\n","protected":false},"author":1,"featured_media":0,"parent":0,"menu_order":0,"comment_status":"closed","ping_status":"closed","template":"","meta":{"footnotes":""},"class_list":["post-38081","page","type-page","status-publish","hentry"],"yoast_head":"<!-- This site is optimized with the Yoast SEO Premium plugin v27.4 (Yoast SEO v27.5) - https:\/\/yoast.com\/product\/yoast-seo-premium-wordpress\/ -->\n<title>Blackjack -<\/title>\n<meta name=\"robots\" content=\"index, follow, max-snippet:-1, max-image-preview:large, max-video-preview:-1\" \/>\n<link rel=\"canonical\" href=\"https:\/\/princesscasino.mk\/sq\/blackjack\/\" \/>\n<meta property=\"og:locale\" content=\"sq_AL\" \/>\n<meta property=\"og:type\" content=\"article\" \/>\n<meta property=\"og:title\" content=\"Blackjack\" \/>\n<meta property=\"og:description\" content=\"Blackjack Si t\u00eb luani Nj\u00eb nga loj\u00ebrat m\u00eb t\u00eb njohura t\u00eb t\u00eb gjitha koh\u00ebrave, nj\u00eb loj\u00eb letrash emocionuese dhe e\" \/>\n<meta property=\"og:url\" content=\"https:\/\/princesscasino.mk\/sq\/blackjack\/\" \/>\n<meta property=\"article:publisher\" content=\"https:\/\/www.facebook.com\/princesshotelcasinogevgelija\" \/>\n<meta property=\"article:modified_time\" content=\"2026-04-24T21:31:58+00:00\" \/>\n<meta property=\"og:image\" content=\"https:\/\/princesscasino.mk\/wp-content\/uploads\/2026\/02\/black_slide.png\" \/>\n<meta name=\"twitter:card\" content=\"summary_large_image\" \/>\n<meta name=\"twitter:label1\" content=\"Est. reading time\" \/>\n\t<meta name=\"twitter:data1\" content=\"3 minuta\" \/>\n<script type=\"application\/ld+json\" class=\"yoast-schema-graph\">{\"@context\":\"https:\\\/\\\/schema.org\",\"@graph\":[{\"@type\":\"WebPage\",\"@id\":\"https:\\\/\\\/princesscasino.mk\\\/sq\\\/blackjack\\\/\",\"url\":\"https:\\\/\\\/princesscasino.mk\\\/sq\\\/blackjack\\\/\",\"name\":\"Blackjack -\",\"isPartOf\":{\"@id\":\"https:\\\/\\\/princesscasino.mk\\\/#website\"},\"primaryImageOfPage\":{\"@id\":\"https:\\\/\\\/princesscasino.mk\\\/sq\\\/blackjack\\\/#primaryimage\"},\"image\":{\"@id\":\"https:\\\/\\\/princesscasino.mk\\\/sq\\\/blackjack\\\/#primaryimage\"},\"thumbnailUrl\":\"https:\\\/\\\/princesscasino.mk\\\/wp-content\\\/uploads\\\/2026\\\/02\\\/black_slide.png\",\"datePublished\":\"2026-02-16T23:55:28+00:00\",\"dateModified\":\"2026-04-24T21:31:58+00:00\",\"breadcrumb\":{\"@id\":\"https:\\\/\\\/princesscasino.mk\\\/sq\\\/blackjack\\\/#breadcrumb\"},\"inLanguage\":\"sq\",\"potentialAction\":[{\"@type\":\"ReadAction\",\"target\":[\"https:\\\/\\\/princesscasino.mk\\\/sq\\\/blackjack\\\/\"]}]},{\"@type\":\"ImageObject\",\"inLanguage\":\"sq\",\"@id\":\"https:\\\/\\\/princesscasino.mk\\\/sq\\\/blackjack\\\/#primaryimage\",\"url\":\"https:\\\/\\\/princesscasino.mk\\\/wp-content\\\/uploads\\\/2026\\\/02\\\/black_slide.png\",\"contentUrl\":\"https:\\\/\\\/princesscasino.mk\\\/wp-content\\\/uploads\\\/2026\\\/02\\\/black_slide.png\"},{\"@type\":\"BreadcrumbList\",\"@id\":\"https:\\\/\\\/princesscasino.mk\\\/sq\\\/blackjack\\\/#breadcrumb\",\"itemListElement\":[{\"@type\":\"ListItem\",\"position\":1,\"name\":\"Home\",\"item\":\"https:\\\/\\\/princesscasino.mk\\\/sq\\\/home\\\/\"},{\"@type\":\"ListItem\",\"position\":2,\"name\":\"Blackjack\"}]},{\"@type\":\"WebSite\",\"@id\":\"https:\\\/\\\/princesscasino.mk\\\/#website\",\"url\":\"https:\\\/\\\/princesscasino.mk\\\/\",\"name\":\"https:\\\/\\\/princesscasino.mk\",\"description\":\"\",\"publisher\":{\"@id\":\"https:\\\/\\\/princesscasino.mk\\\/#organization\"},\"potentialAction\":[{\"@type\":\"SearchAction\",\"target\":{\"@type\":\"EntryPoint\",\"urlTemplate\":\"https:\\\/\\\/princesscasino.mk\\\/?s={search_term_string}\"},\"query-input\":{\"@type\":\"PropertyValueSpecification\",\"valueRequired\":true,\"valueName\":\"search_term_string\"}}],\"inLanguage\":\"sq\"},{\"@type\":\"Organization\",\"@id\":\"https:\\\/\\\/princesscasino.mk\\\/#organization\",\"name\":\"Princess Casino Gevgelija\",\"url\":\"https:\\\/\\\/princesscasino.mk\\\/\",\"logo\":{\"@type\":\"ImageObject\",\"inLanguage\":\"sq\",\"@id\":\"https:\\\/\\\/princesscasino.mk\\\/#\\\/schema\\\/logo\\\/image\\\/\",\"url\":\"https:\\\/\\\/princesscasino.mk\\\/wp-content\\\/uploads\\\/2025\\\/12\\\/princess_logo.png\",\"contentUrl\":\"https:\\\/\\\/princesscasino.mk\\\/wp-content\\\/uploads\\\/2025\\\/12\\\/princess_logo.png\",\"width\":900,\"height\":768,\"caption\":\"Princess Casino Gevgelija\"},\"image\":{\"@id\":\"https:\\\/\\\/princesscasino.mk\\\/#\\\/schema\\\/logo\\\/image\\\/\"},\"sameAs\":[\"https:\\\/\\\/www.facebook.com\\\/princesshotelcasinogevgelija\"]}]}<\/script>\n<!-- \/ Yoast SEO Premium plugin. -->","yoast_head_json":{"title":"Blackjack -","robots":{"index":"index","follow":"follow","max-snippet":"max-snippet:-1","max-image-preview":"max-image-preview:large","max-video-preview":"max-video-preview:-1"},"canonical":"https:\/\/princesscasino.mk\/sq\/blackjack\/","og_locale":"sq_AL","og_type":"article","og_title":"Blackjack","og_description":"Blackjack Si t\u00eb luani Nj\u00eb nga loj\u00ebrat m\u00eb t\u00eb njohura t\u00eb t\u00eb gjitha koh\u00ebrave, nj\u00eb loj\u00eb letrash emocionuese dhe e","og_url":"https:\/\/princesscasino.mk\/sq\/blackjack\/","article_publisher":"https:\/\/www.facebook.com\/princesshotelcasinogevgelija","article_modified_time":"2026-04-24T21:31:58+00:00","og_image":[{"url":"https:\/\/princesscasino.mk\/wp-content\/uploads\/2026\/02\/black_slide.png","type":"","width":"","height":""}],"twitter_card":"summary_large_image","twitter_misc":{"Est. reading time":"3 minuta"},"schema":{"@context":"https:\/\/schema.org","@graph":[{"@type":"WebPage","@id":"https:\/\/princesscasino.mk\/sq\/blackjack\/","url":"https:\/\/princesscasino.mk\/sq\/blackjack\/","name":"Blackjack -","isPartOf":{"@id":"https:\/\/princesscasino.mk\/#website"},"primaryImageOfPage":{"@id":"https:\/\/princesscasino.mk\/sq\/blackjack\/#primaryimage"},"image":{"@id":"https:\/\/princesscasino.mk\/sq\/blackjack\/#primaryimage"},"thumbnailUrl":"https:\/\/princesscasino.mk\/wp-content\/uploads\/2026\/02\/black_slide.png","datePublished":"2026-02-16T23:55:28+00:00","dateModified":"2026-04-24T21:31:58+00:00","breadcrumb":{"@id":"https:\/\/princesscasino.mk\/sq\/blackjack\/#breadcrumb"},"inLanguage":"sq","potentialAction":[{"@type":"ReadAction","target":["https:\/\/princesscasino.mk\/sq\/blackjack\/"]}]},{"@type":"ImageObject","inLanguage":"sq","@id":"https:\/\/princesscasino.mk\/sq\/blackjack\/#primaryimage","url":"https:\/\/princesscasino.mk\/wp-content\/uploads\/2026\/02\/black_slide.png","contentUrl":"https:\/\/princesscasino.mk\/wp-content\/uploads\/2026\/02\/black_slide.png"},{"@type":"BreadcrumbList","@id":"https:\/\/princesscasino.mk\/sq\/blackjack\/#breadcrumb","itemListElement":[{"@type":"ListItem","position":1,"name":"Home","item":"https:\/\/princesscasino.mk\/sq\/home\/"},{"@type":"ListItem","position":2,"name":"Blackjack"}]},{"@type":"WebSite","@id":"https:\/\/princesscasino.mk\/#website","url":"https:\/\/princesscasino.mk\/","name":"https:\/\/princesscasino.mk","description":"","publisher":{"@id":"https:\/\/princesscasino.mk\/#organization"},"potentialAction":[{"@type":"SearchAction","target":{"@type":"EntryPoint","urlTemplate":"https:\/\/princesscasino.mk\/?s={search_term_string}"},"query-input":{"@type":"PropertyValueSpecification","valueRequired":true,"valueName":"search_term_string"}}],"inLanguage":"sq"},{"@type":"Organization","@id":"https:\/\/princesscasino.mk\/#organization","name":"Princess Casino Gevgelija","url":"https:\/\/princesscasino.mk\/","logo":{"@type":"ImageObject","inLanguage":"sq","@id":"https:\/\/princesscasino.mk\/#\/schema\/logo\/image\/","url":"https:\/\/princesscasino.mk\/wp-content\/uploads\/2025\/12\/princess_logo.png","contentUrl":"https:\/\/princesscasino.mk\/wp-content\/uploads\/2025\/12\/princess_logo.png","width":900,"height":768,"caption":"Princess Casino Gevgelija"},"image":{"@id":"https:\/\/princesscasino.mk\/#\/schema\/logo\/image\/"},"sameAs":["https:\/\/www.facebook.com\/princesshotelcasinogevgelija"]}]}},"_links":{"self":[{"href":"https:\/\/princesscasino.mk\/sq\/wp-json\/wp\/v2\/pages\/38081","targetHints":{"allow":["GET"]}}],"collection":[{"href":"https:\/\/princesscasino.mk\/sq\/wp-json\/wp\/v2\/pages"}],"about":[{"href":"https:\/\/princesscasino.mk\/sq\/wp-json\/wp\/v2\/types\/page"}],"author":[{"embeddable":true,"href":"https:\/\/princesscasino.mk\/sq\/wp-json\/wp\/v2\/users\/1"}],"replies":[{"embeddable":true,"href":"https:\/\/princesscasino.mk\/sq\/wp-json\/wp\/v2\/comments?post=38081"}],"version-history":[{"count":2,"href":"https:\/\/princesscasino.mk\/sq\/wp-json\/wp\/v2\/pages\/38081\/revisions"}],"predecessor-version":[{"id":38087,"href":"https:\/\/princesscasino.mk\/sq\/wp-json\/wp\/v2\/pages\/38081\/revisions\/38087"}],"wp:attachment":[{"href":"https:\/\/princesscasino.mk\/sq\/wp-json\/wp\/v2\/media?parent=38081"}],"curies":[{"name":"wp","href":"https:\/\/api.w.org\/{rel}","templated":true}]}}