{"id":35118,"date":"2026-03-12T21:05:09","date_gmt":"2026-03-12T21:05:09","guid":{"rendered":"https:\/\/princesscasino.mk\/slide\/"},"modified":"2026-03-15T11:28:58","modified_gmt":"2026-03-15T11:28:58","slug":"slide","status":"publish","type":"page","link":"https:\/\/princesscasino.mk\/tr\/slide\/","title":{"rendered":"slide"},"content":{"rendered":"\t\t<div data-elementor-type=\"wp-page\" data-elementor-id=\"35118\" class=\"elementor elementor-35118\" data-elementor-post-type=\"page\">\n\t\t\t\t<div class=\"elementor-element elementor-element-2f137e5 wd-section-stretch-content e-con-full e-flex e-con e-parent\" data-id=\"2f137e5\" data-element_type=\"container\" data-e-type=\"container\" id=\"main-wrapper\" data-settings=\"{&quot;background_background&quot;:&quot;classic&quot;}\">\n\t\t<div class=\"elementor-element elementor-element-5013198 e-con-full wd-section-stretch-content e-flex e-con e-child\" data-id=\"5013198\" data-element_type=\"container\" data-e-type=\"container\" id=\"img-container\">\n\t\t<div class=\"elementor-element elementor-element-73d6ab6 e-con-full wd-section-stretch-content e-flex e-con e-child\" data-id=\"73d6ab6\" data-element_type=\"container\" data-e-type=\"container\">\n\t\t\t\t<div class=\"elementor-element elementor-element-cb54772 elementor-pagination-position-inside elementor-pagination-type-bullets elementor-widget elementor-widget-n-carousel\" data-id=\"cb54772\" data-element_type=\"widget\" data-e-type=\"widget\" data-settings=\"{&quot;carousel_items&quot;:[{&quot;slide_title&quot;:&quot;Slide1&quot;,&quot;_id&quot;:&quot;5c4e140&quot;},{&quot;slide_title&quot;:&quot;Slide 2&quot;,&quot;_id&quot;:&quot;cf63b45&quot;},{&quot;slide_title&quot;:&quot;Slide 3&quot;,&quot;_id&quot;:&quot;847831b&quot;},{&quot;slide_title&quot;:&quot;Slide 4&quot;,&quot;_id&quot;:&quot;32843d1&quot;}],&quot;slides_to_show&quot;:&quot;1&quot;,&quot;offset_sides&quot;:&quot;both&quot;,&quot;slides_to_show_tablet&quot;:&quot;2&quot;,&quot;slides_to_show_mobile&quot;:&quot;1&quot;,&quot;infinite&quot;:&quot;yes&quot;,&quot;speed&quot;:500,&quot;offset_width&quot;:{&quot;unit&quot;:&quot;px&quot;,&quot;size&quot;:80,&quot;sizes&quot;:[]},&quot;offset_width_tablet&quot;:{&quot;unit&quot;:&quot;px&quot;,&quot;size&quot;:&quot;&quot;,&quot;sizes&quot;:[]},&quot;offset_width_mobile&quot;:{&quot;unit&quot;:&quot;px&quot;,&quot;size&quot;:&quot;&quot;,&quot;sizes&quot;:[]},&quot;pagination&quot;:&quot;bullets&quot;,&quot;image_spacing_custom&quot;:{&quot;unit&quot;:&quot;px&quot;,&quot;size&quot;:10,&quot;sizes&quot;:[]},&quot;image_spacing_custom_tablet&quot;:{&quot;unit&quot;:&quot;px&quot;,&quot;size&quot;:&quot;&quot;,&quot;sizes&quot;:[]},&quot;image_spacing_custom_mobile&quot;:{&quot;unit&quot;:&quot;px&quot;,&quot;size&quot;:&quot;&quot;,&quot;sizes&quot;:[]}}\" data-widget_type=\"nested-carousel.default\">\n\t\t\t\t<div class=\"elementor-widget-container\">\n\t\t\t\t\t\t\t<div class=\"e-n-carousel swiper\" role=\"region\" aria-roledescription=\"carousel\" aria-label=\"Carousel\" dir=\"ltr\">\r\n\t\t\t<div class=\"swiper-wrapper\" aria-live=\"polite\">\r\n\t\t\t\t\t\t\t\t\t\t<div class=\"swiper-slide\" data-slide=\"1\" role=\"group\" aria-roledescription=\"slide\" aria-label=\"1 of 4\">\r\n\t\t\t\t\t\t\t<div class=\"elementor-element elementor-element-dc39bea e-con-full e-flex e-con e-child\" data-id=\"dc39bea\" data-element_type=\"container\" data-e-type=\"container\">\n\t\t<div class=\"elementor-element elementor-element-8c18e91 e-con-full e-flex e-con e-child\" data-id=\"8c18e91\" data-element_type=\"container\" data-e-type=\"container\" data-settings=\"{&quot;background_background&quot;:&quot;video&quot;,&quot;background_video_link&quot;:&quot;https:\\\/\\\/princesscasino.mk\\\/wp-content\\\/uploads\\\/2026\\\/03\\\/back.mp4&quot;,&quot;background_play_on_mobile&quot;:&quot;yes&quot;}\">\n\t\t<div class=\"elementor-background-video-container\">\n\t\t\t\t\t\t\t<video class=\"elementor-background-video-hosted\" role=\"presentation\" autoplay muted playsinline loop><\/video>\n\t\t\t\t\t<\/div><div class=\"elementor-element elementor-element-94d0b8d e-con-full e-flex e-con e-child\" data-id=\"94d0b8d\" data-element_type=\"container\" data-e-type=\"container\">\n\t\t\t\t<div class=\"elementor-element elementor-element-378d3d1 wd-animation-slide-from-top wd-animation-normal wd_delay_100 wd-animation wd-transform elementor-widget elementor-widget-heading\" data-id=\"378d3d1\" data-element_type=\"widget\" data-e-type=\"widget\" data-widget_type=\"heading.default\">\n\t\t\t\t<div class=\"elementor-widget-container\">\n\t\t\t\t\t<h2 class=\"elementor-heading-title elementor-size-default\">PASKALYA<\/h2>\t\t\t\t<\/div>\n\t\t\t\t<\/div>\n\t\t\t\t<div class=\"elementor-element elementor-element-348454c wd-animation-slide-from-left wd-animation-normal wd_delay_100 wd-animation wd-transform elementor-widget elementor-widget-heading\" data-id=\"348454c\" data-element_type=\"widget\" data-e-type=\"widget\" data-widget_type=\"heading.default\">\n\t\t\t\t<div class=\"elementor-widget-container\">\n\t\t\t\t\t<h2 class=\"elementor-heading-title elementor-size-default\">LIVE MUSIC<\/h2>\t\t\t\t<\/div>\n\t\t\t\t<\/div>\n\t\t\t\t<div class=\"elementor-element elementor-element-24a44d0 wd-animation-slide-from-right wd-animation-normal wd_delay_100 wd-animation wd-transform elementor-widget elementor-widget-heading\" data-id=\"24a44d0\" data-element_type=\"widget\" data-e-type=\"widget\" data-widget_type=\"heading.default\">\n\t\t\t\t<div class=\"elementor-widget-container\">\n\t\t\t\t\t<h2 class=\"elementor-heading-title elementor-size-default\">GLIKERIA<\/h2>\t\t\t\t<\/div>\n\t\t\t\t<\/div>\n\t\t\t\t<\/div>\n\t\t<div class=\"elementor-element elementor-element-f8c4cc9 wd-animation-slide-from-right e-con-full e-flex wd-animation-normal wd_delay_100 wd-animation wd-transform e-con e-child\" data-id=\"f8c4cc9\" data-element_type=\"container\" data-e-type=\"container\" data-settings=\"{&quot;background_background&quot;:&quot;classic&quot;}\">\n\t\t\t\t<div class=\"elementor-element elementor-element-807167b wd-animation-slide-from-right wd-animation-normal wd_delay_100 wd-animation wd-transform elementor-widget elementor-widget-wd_image_or_svg\" data-id=\"807167b\" data-element_type=\"widget\" data-e-type=\"widget\" data-widget_type=\"wd_image_or_svg.default\">\n\t\t\t\t<div class=\"elementor-widget-container\">\n\t\t\t\t\t\n\t\t<div class=\"wd-image text-center\">\n\t\t\t\t\t\t\t\t<img loading=\"lazy\" decoding=\"async\" width=\"1010\" height=\"1010\" src=\"https:\/\/princesscasino.mk\/wp-content\/uploads\/2026\/03\/glikeria.png\" class=\"attachment-full size-full\" alt=\"\" srcset=\"https:\/\/princesscasino.mk\/wp-content\/uploads\/2026\/03\/glikeria.png 1010w, https:\/\/princesscasino.mk\/wp-content\/uploads\/2026\/03\/glikeria-430x430.png 430w, https:\/\/princesscasino.mk\/wp-content\/uploads\/2026\/03\/glikeria-150x150.png 150w, https:\/\/princesscasino.mk\/wp-content\/uploads\/2026\/03\/glikeria-700x700.png 700w, https:\/\/princesscasino.mk\/wp-content\/uploads\/2026\/03\/glikeria-300x300.png 300w, https:\/\/princesscasino.mk\/wp-content\/uploads\/2026\/03\/glikeria-800x800.png 800w, https:\/\/princesscasino.mk\/wp-content\/uploads\/2026\/03\/glikeria-768x768.png 768w\" sizes=\"auto, (max-width: 1010px) 100vw, 1010px\" \/>\t\t\t\t\t<\/div>\n\n\t\t\t\t\t\t<\/div>\n\t\t\t\t<\/div>\n\t\t\t\t<\/div>\n\t\t\t\t<\/div>\n\t\t\t\t<\/div>\n\t\t\t\t\t\t\t\t<\/div>\r\n\t\t\t\t\t\t\t\t\t\t\t<div class=\"swiper-slide\" data-slide=\"2\" role=\"group\" aria-roledescription=\"slide\" aria-label=\"2 of 4\">\r\n\t\t\t\t\t\t\t<div class=\"wd-negative-gap elementor-element elementor-element-532eb4a e-flex e-con-boxed e-con e-child\" data-id=\"532eb4a\" data-element_type=\"container\" data-e-type=\"container\">\n\t\t\t\t\t<div class=\"e-con-inner\">\n\t\t<div class=\"elementor-element elementor-element-d6e4689 e-con-full e-flex e-con e-child\" data-id=\"d6e4689\" data-element_type=\"container\" data-e-type=\"container\" data-settings=\"{&quot;background_background&quot;:&quot;classic&quot;}\">\n\t\t<div class=\"elementor-element elementor-element-15fa0f1 e-flex e-con-boxed e-con e-child\" data-id=\"15fa0f1\" data-element_type=\"container\" data-e-type=\"container\">\n\t\t\t\t\t<div class=\"e-con-inner\">\n\t\t\t\t<div class=\"elementor-element elementor-element-cec14c1 elementor-widget elementor-widget-heading\" data-id=\"cec14c1\" data-element_type=\"widget\" data-e-type=\"widget\" data-widget_type=\"heading.default\">\n\t\t\t\t<div class=\"elementor-widget-container\">\n\t\t\t\t\t<h2 class=\"elementor-heading-title elementor-size-default\">Ne zaman oynamak isterseniz, heyecan ve e\u011flence tek bir yerde.\n- Hepsi bir arada.<\/h2>\t\t\t\t<\/div>\n\t\t\t\t<\/div>\n\t\t\t\t\t<\/div>\n\t\t\t\t<\/div>\n\t\t<div class=\"elementor-element elementor-element-aaabc42 wd-animation-slide-from-top e-flex e-con-boxed wd-animation-normal wd_delay_100 wd-animation wd-transform e-con e-child\" data-id=\"aaabc42\" data-element_type=\"container\" data-e-type=\"container\" data-settings=\"{&quot;background_background&quot;:&quot;classic&quot;}\">\n\t\t\t\t\t<div class=\"e-con-inner\">\n\t\t\t\t<div class=\"elementor-element elementor-element-053a818 elementor-widget elementor-widget-wd_image_or_svg\" data-id=\"053a818\" data-element_type=\"widget\" data-e-type=\"widget\" data-widget_type=\"wd_image_or_svg.default\">\n\t\t\t\t<div class=\"elementor-widget-container\">\n\t\t\t\t\t\n\t\t<div class=\"wd-image text-center\">\n\t\t\t\t\t\t\t\t<img loading=\"lazy\" decoding=\"async\" width=\"450\" height=\"709\" src=\"https:\/\/princesscasino.mk\/wp-content\/uploads\/2025\/12\/dice_gold.png\" class=\"attachment-full size-full\" alt=\"\" srcset=\"https:\/\/princesscasino.mk\/wp-content\/uploads\/2025\/12\/dice_gold.png 450w, https:\/\/princesscasino.mk\/wp-content\/uploads\/2025\/12\/dice_gold-430x677.png 430w, https:\/\/princesscasino.mk\/wp-content\/uploads\/2025\/12\/dice_gold-150x236.png 150w, https:\/\/princesscasino.mk\/wp-content\/uploads\/2025\/12\/dice_gold-190x300.png 190w\" sizes=\"auto, (max-width: 450px) 100vw, 450px\" \/>\t\t\t\t\t<\/div>\n\n\t\t\t\t\t\t<\/div>\n\t\t\t\t<\/div>\n\t\t\t\t\t<\/div>\n\t\t\t\t<\/div>\n\t\t\t\t<\/div>\n\t\t\t\t\t<\/div>\n\t\t\t\t<\/div>\n\t\t\t\t\t\t\t\t<\/div>\r\n\t\t\t\t\t\t\t\t\t\t\t<div class=\"swiper-slide\" data-slide=\"3\" role=\"group\" aria-roledescription=\"slide\" aria-label=\"3 of 4\">\r\n\t\t\t\t\t\t\t<div class=\"wd-negative-gap elementor-element elementor-element-7e74efa e-flex e-con-boxed e-con e-child\" data-id=\"7e74efa\" data-element_type=\"container\" data-e-type=\"container\">\n\t\t\t\t\t<div class=\"e-con-inner\">\n\t\t<div class=\"elementor-element elementor-element-e43e62e e-con-full e-flex e-con e-child\" data-id=\"e43e62e\" data-element_type=\"container\" data-e-type=\"container\" data-settings=\"{&quot;background_background&quot;:&quot;classic&quot;}\">\n\t\t<div class=\"elementor-element elementor-element-b973e4a e-flex e-con-boxed e-con e-child\" data-id=\"b973e4a\" data-element_type=\"container\" data-e-type=\"container\">\n\t\t\t\t\t<div class=\"e-con-inner\">\n\t\t\t\t<div class=\"elementor-element elementor-element-d96f89e elementor-widget elementor-widget-heading\" data-id=\"d96f89e\" data-element_type=\"widget\" data-e-type=\"widget\" data-widget_type=\"heading.default\">\n\t\t\t\t<div class=\"elementor-widget-container\">\n\t\t\t\t\t<h2 class=\"elementor-heading-title elementor-size-default\">Her an\u0131n l\u00fcks veya kazanma \u015fans\u0131 sundu\u011fu bir yer.<\/h2>\t\t\t\t<\/div>\n\t\t\t\t<\/div>\n\t\t\t\t\t<\/div>\n\t\t\t\t<\/div>\n\t\t<div class=\"elementor-element elementor-element-e9ea78d wd-animation-slide-from-top e-flex e-con-boxed wd-animation-normal wd_delay_100 wd-animation wd-transform e-con e-child\" data-id=\"e9ea78d\" data-element_type=\"container\" data-e-type=\"container\" data-settings=\"{&quot;background_background&quot;:&quot;classic&quot;}\">\n\t\t\t\t\t<div class=\"e-con-inner\">\n\t\t\t\t<div class=\"elementor-element elementor-element-8fb4310 elementor-widget elementor-widget-wd_image_or_svg\" data-id=\"8fb4310\" data-element_type=\"widget\" data-e-type=\"widget\" data-widget_type=\"wd_image_or_svg.default\">\n\t\t\t\t<div class=\"elementor-widget-container\">\n\t\t\t\t\t\n\t\t<div class=\"wd-image text-center\">\n\t\t\t\t\t\t\t\t<img loading=\"lazy\" decoding=\"async\" width=\"450\" height=\"709\" src=\"https:\/\/princesscasino.mk\/wp-content\/uploads\/2025\/12\/cards-1.png\" class=\"attachment-full size-full\" alt=\"\" srcset=\"https:\/\/princesscasino.mk\/wp-content\/uploads\/2025\/12\/cards-1.png 450w, https:\/\/princesscasino.mk\/wp-content\/uploads\/2025\/12\/cards-1-430x677.png 430w, https:\/\/princesscasino.mk\/wp-content\/uploads\/2025\/12\/cards-1-150x236.png 150w, https:\/\/princesscasino.mk\/wp-content\/uploads\/2025\/12\/cards-1-190x300.png 190w\" sizes=\"auto, (max-width: 450px) 100vw, 450px\" \/>\t\t\t\t\t<\/div>\n\n\t\t\t\t\t\t<\/div>\n\t\t\t\t<\/div>\n\t\t\t\t\t<\/div>\n\t\t\t\t<\/div>\n\t\t\t\t<\/div>\n\t\t\t\t\t<\/div>\n\t\t\t\t<\/div>\n\t\t\t\t\t\t\t\t<\/div>\r\n\t\t\t\t\t\t\t\t\t\t\t<div class=\"swiper-slide\" data-slide=\"4\" role=\"group\" aria-roledescription=\"slide\" aria-label=\"4 of 4\">\r\n\t\t\t\t\t\t\t<div class=\"wd-negative-gap elementor-element elementor-element-9c0c125 e-flex e-con-boxed e-con e-child\" data-id=\"9c0c125\" data-element_type=\"container\" data-e-type=\"container\">\n\t\t\t\t\t<div class=\"e-con-inner\">\n\t\t<div class=\"elementor-element elementor-element-d120fd9 e-con-full e-flex e-con e-child\" data-id=\"d120fd9\" data-element_type=\"container\" data-e-type=\"container\" data-settings=\"{&quot;background_background&quot;:&quot;classic&quot;}\">\n\t\t<div class=\"elementor-element elementor-element-928ce2c e-flex e-con-boxed e-con e-child\" data-id=\"928ce2c\" data-element_type=\"container\" data-e-type=\"container\">\n\t\t\t\t\t<div class=\"e-con-inner\">\n\t\t\t\t<div class=\"elementor-element elementor-element-e897616 elementor-widget elementor-widget-heading\" data-id=\"e897616\" data-element_type=\"widget\" data-e-type=\"widget\" data-widget_type=\"heading.default\">\n\t\t\t\t<div class=\"elementor-widget-container\">\n\t\t\t\t\t<h2 class=\"elementor-heading-title elementor-size-default\">Dinlenmek i\u00e7in gelin, heyecan i\u00e7in kal\u0131n.<\/h2>\t\t\t\t<\/div>\n\t\t\t\t<\/div>\n\t\t\t\t\t<\/div>\n\t\t\t\t<\/div>\n\t\t<div class=\"elementor-element elementor-element-239ea22 wd-animation-slide-from-top e-flex e-con-boxed wd-animation-normal wd_delay_100 wd-animation wd-transform e-con e-child\" data-id=\"239ea22\" data-element_type=\"container\" data-e-type=\"container\" data-settings=\"{&quot;background_background&quot;:&quot;classic&quot;}\">\n\t\t\t\t\t<div class=\"e-con-inner\">\n\t\t\t\t<div class=\"elementor-element elementor-element-ca6ceea elementor-widget elementor-widget-wd_image_or_svg\" data-id=\"ca6ceea\" data-element_type=\"widget\" data-e-type=\"widget\" data-widget_type=\"wd_image_or_svg.default\">\n\t\t\t\t<div class=\"elementor-widget-container\">\n\t\t\t\t\t\n\t\t<div class=\"wd-image text-center\">\n\t\t\t\t\t\t\t\t<img loading=\"lazy\" decoding=\"async\" width=\"450\" height=\"709\" src=\"https:\/\/princesscasino.mk\/wp-content\/uploads\/2025\/12\/rulet.png\" class=\"attachment-full size-full\" alt=\"\" srcset=\"https:\/\/princesscasino.mk\/wp-content\/uploads\/2025\/12\/rulet.png 450w, https:\/\/princesscasino.mk\/wp-content\/uploads\/2025\/12\/rulet-430x677.png 430w, https:\/\/princesscasino.mk\/wp-content\/uploads\/2025\/12\/rulet-150x236.png 150w, https:\/\/princesscasino.mk\/wp-content\/uploads\/2025\/12\/rulet-190x300.png 190w\" sizes=\"auto, (max-width: 450px) 100vw, 450px\" \/>\t\t\t\t\t<\/div>\n\n\t\t\t\t\t\t<\/div>\n\t\t\t\t<\/div>\n\t\t\t\t\t<\/div>\n\t\t\t\t<\/div>\n\t\t\t\t<\/div>\n\t\t\t\t\t<\/div>\n\t\t\t\t<\/div>\n\t\t\t\t\t\t\t\t<\/div>\r\n\t\t\t\t\t\t\t\t<\/div>\r\n\t\t<\/div>\r\n\t\t\t\t\t<div class=\"swiper-pagination\"><\/div>\r\n\t\t\t\t\t\t<\/div>\n\t\t\t\t<\/div>\n\t\t\t\t<\/div>\n\t\t\t\t<\/div>\n\t\t\t\t<\/div>\n\t\t\t\t<\/div>\n\t\t","protected":false},"excerpt":{"rendered":"<p>PASKALYA LIVE MUSIC GLIKERIA Ne zaman oynamak isterseniz, heyecan ve e\u011flence tek bir yerde. &#8211; Hepsi bir arada. Her an\u0131n<\/p>\n","protected":false},"author":1,"featured_media":0,"parent":0,"menu_order":0,"comment_status":"closed","ping_status":"closed","template":"elementor_header_footer","meta":{"footnotes":""},"class_list":["post-35118","page","type-page","status-publish","hentry"],"yoast_head":"<!-- This site is optimized with the Yoast SEO Premium plugin v27.4 (Yoast SEO v27.5) - https:\/\/yoast.com\/product\/yoast-seo-premium-wordpress\/ -->\n<title>slide -<\/title>\n<meta name=\"robots\" content=\"index, follow, max-snippet:-1, max-image-preview:large, max-video-preview:-1\" \/>\n<link rel=\"canonical\" href=\"https:\/\/princesscasino.mk\/tr\/slide\/\" \/>\n<meta property=\"og:locale\" content=\"tr_TR\" \/>\n<meta property=\"og:type\" content=\"article\" \/>\n<meta property=\"og:title\" content=\"slide\" \/>\n<meta property=\"og:description\" content=\"PASKALYA LIVE MUSIC GLIKERIA Ne zaman oynamak isterseniz, heyecan ve e\u011flence tek bir yerde. &#8211; Hepsi bir arada. Her an\u0131n\" \/>\n<meta property=\"og:url\" content=\"https:\/\/princesscasino.mk\/tr\/slide\/\" \/>\n<meta property=\"article:publisher\" content=\"https:\/\/www.facebook.com\/princesshotelcasinogevgelija\" \/>\n<meta property=\"article:modified_time\" content=\"2026-03-15T11:28:58+00:00\" \/>\n<meta property=\"og:image\" content=\"https:\/\/princesscasino.mk\/wp-content\/uploads\/2026\/03\/glikeria.png\" \/>\n<meta name=\"twitter:card\" content=\"summary_large_image\" \/>\n<script type=\"application\/ld+json\" class=\"yoast-schema-graph\">{\"@context\":\"https:\\\/\\\/schema.org\",\"@graph\":[{\"@type\":\"WebPage\",\"@id\":\"https:\\\/\\\/princesscasino.mk\\\/tr\\\/slide\\\/\",\"url\":\"https:\\\/\\\/princesscasino.mk\\\/tr\\\/slide\\\/\",\"name\":\"slide -\",\"isPartOf\":{\"@id\":\"https:\\\/\\\/princesscasino.mk\\\/#website\"},\"primaryImageOfPage\":{\"@id\":\"https:\\\/\\\/princesscasino.mk\\\/tr\\\/slide\\\/#primaryimage\"},\"image\":{\"@id\":\"https:\\\/\\\/princesscasino.mk\\\/tr\\\/slide\\\/#primaryimage\"},\"thumbnailUrl\":\"https:\\\/\\\/princesscasino.mk\\\/wp-content\\\/uploads\\\/2026\\\/03\\\/glikeria.png\",\"datePublished\":\"2026-03-12T21:05:09+00:00\",\"dateModified\":\"2026-03-15T11:28:58+00:00\",\"breadcrumb\":{\"@id\":\"https:\\\/\\\/princesscasino.mk\\\/tr\\\/slide\\\/#breadcrumb\"},\"inLanguage\":\"tr\",\"potentialAction\":[{\"@type\":\"ReadAction\",\"target\":[\"https:\\\/\\\/princesscasino.mk\\\/tr\\\/slide\\\/\"]}]},{\"@type\":\"ImageObject\",\"inLanguage\":\"tr\",\"@id\":\"https:\\\/\\\/princesscasino.mk\\\/tr\\\/slide\\\/#primaryimage\",\"url\":\"https:\\\/\\\/princesscasino.mk\\\/wp-content\\\/uploads\\\/2026\\\/03\\\/glikeria.png\",\"contentUrl\":\"https:\\\/\\\/princesscasino.mk\\\/wp-content\\\/uploads\\\/2026\\\/03\\\/glikeria.png\"},{\"@type\":\"BreadcrumbList\",\"@id\":\"https:\\\/\\\/princesscasino.mk\\\/tr\\\/slide\\\/#breadcrumb\",\"itemListElement\":[{\"@type\":\"ListItem\",\"position\":1,\"name\":\"Home\",\"item\":\"https:\\\/\\\/princesscasino.mk\\\/tr\\\/home\\\/\"},{\"@type\":\"ListItem\",\"position\":2,\"name\":\"slide\"}]},{\"@type\":\"WebSite\",\"@id\":\"https:\\\/\\\/princesscasino.mk\\\/#website\",\"url\":\"https:\\\/\\\/princesscasino.mk\\\/\",\"name\":\"https:\\\/\\\/princesscasino.mk\",\"description\":\"\",\"publisher\":{\"@id\":\"https:\\\/\\\/princesscasino.mk\\\/#organization\"},\"potentialAction\":[{\"@type\":\"SearchAction\",\"target\":{\"@type\":\"EntryPoint\",\"urlTemplate\":\"https:\\\/\\\/princesscasino.mk\\\/?s={search_term_string}\"},\"query-input\":{\"@type\":\"PropertyValueSpecification\",\"valueRequired\":true,\"valueName\":\"search_term_string\"}}],\"inLanguage\":\"tr\"},{\"@type\":\"Organization\",\"@id\":\"https:\\\/\\\/princesscasino.mk\\\/#organization\",\"name\":\"Princess Casino Gevgelija\",\"url\":\"https:\\\/\\\/princesscasino.mk\\\/\",\"logo\":{\"@type\":\"ImageObject\",\"inLanguage\":\"tr\",\"@id\":\"https:\\\/\\\/princesscasino.mk\\\/#\\\/schema\\\/logo\\\/image\\\/\",\"url\":\"https:\\\/\\\/princesscasino.mk\\\/wp-content\\\/uploads\\\/2025\\\/12\\\/princess_logo.png\",\"contentUrl\":\"https:\\\/\\\/princesscasino.mk\\\/wp-content\\\/uploads\\\/2025\\\/12\\\/princess_logo.png\",\"width\":900,\"height\":768,\"caption\":\"Princess Casino Gevgelija\"},\"image\":{\"@id\":\"https:\\\/\\\/princesscasino.mk\\\/#\\\/schema\\\/logo\\\/image\\\/\"},\"sameAs\":[\"https:\\\/\\\/www.facebook.com\\\/princesshotelcasinogevgelija\"]}]}<\/script>\n<!-- \/ Yoast SEO Premium plugin. -->","yoast_head_json":{"title":"slide -","robots":{"index":"index","follow":"follow","max-snippet":"max-snippet:-1","max-image-preview":"max-image-preview:large","max-video-preview":"max-video-preview:-1"},"canonical":"https:\/\/princesscasino.mk\/tr\/slide\/","og_locale":"tr_TR","og_type":"article","og_title":"slide","og_description":"PASKALYA LIVE MUSIC GLIKERIA Ne zaman oynamak isterseniz, heyecan ve e\u011flence tek bir yerde. &#8211; Hepsi bir arada. Her an\u0131n","og_url":"https:\/\/princesscasino.mk\/tr\/slide\/","article_publisher":"https:\/\/www.facebook.com\/princesshotelcasinogevgelija","article_modified_time":"2026-03-15T11:28:58+00:00","og_image":[{"url":"https:\/\/princesscasino.mk\/wp-content\/uploads\/2026\/03\/glikeria.png","type":"","width":"","height":""}],"twitter_card":"summary_large_image","schema":{"@context":"https:\/\/schema.org","@graph":[{"@type":"WebPage","@id":"https:\/\/princesscasino.mk\/tr\/slide\/","url":"https:\/\/princesscasino.mk\/tr\/slide\/","name":"slide -","isPartOf":{"@id":"https:\/\/princesscasino.mk\/#website"},"primaryImageOfPage":{"@id":"https:\/\/princesscasino.mk\/tr\/slide\/#primaryimage"},"image":{"@id":"https:\/\/princesscasino.mk\/tr\/slide\/#primaryimage"},"thumbnailUrl":"https:\/\/princesscasino.mk\/wp-content\/uploads\/2026\/03\/glikeria.png","datePublished":"2026-03-12T21:05:09+00:00","dateModified":"2026-03-15T11:28:58+00:00","breadcrumb":{"@id":"https:\/\/princesscasino.mk\/tr\/slide\/#breadcrumb"},"inLanguage":"tr","potentialAction":[{"@type":"ReadAction","target":["https:\/\/princesscasino.mk\/tr\/slide\/"]}]},{"@type":"ImageObject","inLanguage":"tr","@id":"https:\/\/princesscasino.mk\/tr\/slide\/#primaryimage","url":"https:\/\/princesscasino.mk\/wp-content\/uploads\/2026\/03\/glikeria.png","contentUrl":"https:\/\/princesscasino.mk\/wp-content\/uploads\/2026\/03\/glikeria.png"},{"@type":"BreadcrumbList","@id":"https:\/\/princesscasino.mk\/tr\/slide\/#breadcrumb","itemListElement":[{"@type":"ListItem","position":1,"name":"Home","item":"https:\/\/princesscasino.mk\/tr\/home\/"},{"@type":"ListItem","position":2,"name":"slide"}]},{"@type":"WebSite","@id":"https:\/\/princesscasino.mk\/#website","url":"https:\/\/princesscasino.mk\/","name":"https:\/\/princesscasino.mk","description":"","publisher":{"@id":"https:\/\/princesscasino.mk\/#organization"},"potentialAction":[{"@type":"SearchAction","target":{"@type":"EntryPoint","urlTemplate":"https:\/\/princesscasino.mk\/?s={search_term_string}"},"query-input":{"@type":"PropertyValueSpecification","valueRequired":true,"valueName":"search_term_string"}}],"inLanguage":"tr"},{"@type":"Organization","@id":"https:\/\/princesscasino.mk\/#organization","name":"Princess Casino Gevgelija","url":"https:\/\/princesscasino.mk\/","logo":{"@type":"ImageObject","inLanguage":"tr","@id":"https:\/\/princesscasino.mk\/#\/schema\/logo\/image\/","url":"https:\/\/princesscasino.mk\/wp-content\/uploads\/2025\/12\/princess_logo.png","contentUrl":"https:\/\/princesscasino.mk\/wp-content\/uploads\/2025\/12\/princess_logo.png","width":900,"height":768,"caption":"Princess Casino Gevgelija"},"image":{"@id":"https:\/\/princesscasino.mk\/#\/schema\/logo\/image\/"},"sameAs":["https:\/\/www.facebook.com\/princesshotelcasinogevgelija"]}]}},"_links":{"self":[{"href":"https:\/\/princesscasino.mk\/tr\/wp-json\/wp\/v2\/pages\/35118","targetHints":{"allow":["GET"]}}],"collection":[{"href":"https:\/\/princesscasino.mk\/tr\/wp-json\/wp\/v2\/pages"}],"about":[{"href":"https:\/\/princesscasino.mk\/tr\/wp-json\/wp\/v2\/types\/page"}],"author":[{"embeddable":true,"href":"https:\/\/princesscasino.mk\/tr\/wp-json\/wp\/v2\/users\/1"}],"replies":[{"embeddable":true,"href":"https:\/\/princesscasino.mk\/tr\/wp-json\/wp\/v2\/comments?post=35118"}],"version-history":[{"count":29,"href":"https:\/\/princesscasino.mk\/tr\/wp-json\/wp\/v2\/pages\/35118\/revisions"}],"predecessor-version":[{"id":35474,"href":"https:\/\/princesscasino.mk\/tr\/wp-json\/wp\/v2\/pages\/35118\/revisions\/35474"}],"wp:attachment":[{"href":"https:\/\/princesscasino.mk\/tr\/wp-json\/wp\/v2\/media?parent=35118"}],"curies":[{"name":"wp","href":"https:\/\/api.w.org\/{rel}","templated":true}]}}