{"id":38063,"date":"2026-02-11T21:42:17","date_gmt":"2026-02-11T21:42:17","guid":{"rendered":"https:\/\/princesscasino.mk\/american-roulette\/"},"modified":"2026-04-24T21:06:29","modified_gmt":"2026-04-24T21:06:29","slug":"american-roulette","status":"publish","type":"page","link":"https:\/\/princesscasino.mk\/tr\/american-roulette\/","title":{"rendered":"Amerikan ruleti"},"content":{"rendered":"\t\t<div data-elementor-type=\"wp-page\" data-elementor-id=\"38063\" class=\"elementor elementor-38063 elementor-31793\" data-elementor-post-type=\"page\">\n\t\t\t\t<div class=\"wd-negative-gap elementor-element elementor-element-c1e595b wd-section-stretch-content e-flex e-con-boxed e-con e-parent\" data-id=\"c1e595b\" data-element_type=\"container\" data-e-type=\"container\" data-settings=\"{&quot;background_background&quot;:&quot;classic&quot;}\">\n\t\t\t\t\t<div class=\"e-con-inner\">\n\t\t<div class=\"elementor-element elementor-element-26b824e4 e-con-full e-flex e-con e-child\" data-id=\"26b824e4\" data-element_type=\"container\" data-e-type=\"container\" data-settings=\"{&quot;motion_fx_motion_fx_scrolling&quot;:&quot;yes&quot;,&quot;motion_fx_translateY_effect&quot;:&quot;yes&quot;,&quot;motion_fx_translateY_speed&quot;:{&quot;unit&quot;:&quot;px&quot;,&quot;size&quot;:4,&quot;sizes&quot;:[]},&quot;motion_fx_translateY_affectedRange&quot;:{&quot;unit&quot;:&quot;%&quot;,&quot;size&quot;:&quot;&quot;,&quot;sizes&quot;:{&quot;start&quot;:0,&quot;end&quot;:100}},&quot;motion_fx_devices&quot;:[&quot;desktop&quot;,&quot;tablet&quot;,&quot;mobile&quot;]}\">\n\t\t\t\t<div class=\"elementor-element elementor-element-4c51be8 wd-animation-zoom-in wd_delay_200 wd-animation-normal wd-animation wd-transform elementor-widget elementor-widget-wd_image_or_svg\" data-id=\"4c51be8\" data-element_type=\"widget\" data-e-type=\"widget\" data-widget_type=\"wd_image_or_svg.default\">\n\t\t\t\t<div class=\"elementor-widget-container\">\n\t\t\t\t\t\n\t\t<div class=\"wd-image text-center\">\n\t\t\t\t\t\t\t\t<img loading=\"lazy\" decoding=\"async\" width=\"545\" height=\"644\" src=\"https:\/\/princesscasino.mk\/wp-content\/uploads\/2026\/02\/roulette-1.png\" class=\"attachment-full size-full\" alt=\"\" srcset=\"https:\/\/princesscasino.mk\/wp-content\/uploads\/2026\/02\/roulette-1.png 545w, https:\/\/princesscasino.mk\/wp-content\/uploads\/2026\/02\/roulette-1-430x508.png 430w, https:\/\/princesscasino.mk\/wp-content\/uploads\/2026\/02\/roulette-1-150x177.png 150w, https:\/\/princesscasino.mk\/wp-content\/uploads\/2026\/02\/roulette-1-254x300.png 254w\" sizes=\"auto, (max-width: 545px) 100vw, 545px\" \/>\t\t\t\t\t<\/div>\n\n\t\t\t\t\t\t<\/div>\n\t\t\t\t<\/div>\n\t\t\t\t<\/div>\n\t\t<div class=\"elementor-element elementor-element-66824688 e-con-full e-flex e-con e-child\" data-id=\"66824688\" data-element_type=\"container\" data-e-type=\"container\">\n\t\t\t\t<div class=\"elementor-element elementor-element-23eeec2c wd-animation-slide-from-bottom wd-animation-normal wd_delay_100 wd-animation wd-transform elementor-widget elementor-widget-wd_text_block\" data-id=\"23eeec2c\" data-element_type=\"widget\" data-e-type=\"widget\" data-widget_type=\"wd_text_block.default\">\n\t\t\t\t<div class=\"elementor-widget-container\">\n\t\t\t\t\t\t\t<div class=\"wd-text-block reset-last-child text-left\">\n\t\t\t\n\t\t\t<p>Amerikan ruleti<\/p>\n\t\t\t\t\t<\/div>\n\t\t\t\t\t\t<\/div>\n\t\t\t\t<\/div>\n\t\t\t\t<div class=\"elementor-element elementor-element-594892f8 wd-animation-slide-from-bottom wd_delay_300 wd-width-100 wd-animation-normal wd-animation wd-transform elementor-widget elementor-widget-wd_title\" data-id=\"594892f8\" data-element_type=\"widget\" data-e-type=\"widget\" data-widget_type=\"wd_title.default\">\n\t\t\t\t<div class=\"elementor-widget-container\">\n\t\t\t\t\t\t\t<div class=\"title-wrapper wd-set-mb reset-last-child wd-title-color-default wd-title-style-default wd-title-size-default text-left\">\n\n\t\t\t\n\t\t\t<div class=\"liner-continer\">\n\t\t\t\t<h4 class=\"woodmart-title-container title wd-fontsize-l\">Nas\u0131l Oynan\u0131r<\/h4> \n\t\t\t\t\t\t\t<\/div>\n\n\t\t\t\t\t<\/div>\n\t\t\t\t\t\t<\/div>\n\t\t\t\t<\/div>\n\t\t\t\t<div class=\"elementor-element elementor-element-8a0f4f6 wd-animation-slide-from-bottom wd-animation-normal wd_delay_100 wd-animation wd-transform elementor-widget elementor-widget-wd_text_block\" data-id=\"8a0f4f6\" data-element_type=\"widget\" data-e-type=\"widget\" data-widget_type=\"wd_text_block.default\">\n\t\t\t\t<div class=\"elementor-widget-container\">\n\t\t\t\t\t\t\t<div class=\"wd-text-block reset-last-child text-left\">\n\t\t\t\n\t\t\t<p>Klasik kumarhane oyunu, ihti\u015fam\u0131 ve sofistike yap\u0131s\u0131yla bilinir.<br>\u0130konik d\u00f6nen \u00e7ark\u0131n heyecan\u0131n\u0131 ya\u015famak ve topun \u015fansl\u0131 numaran\u0131za d\u00fc\u015fmesini beklemek ister misiniz?<br>\u0130\u015fte aksiyon burada, y\u00fcksek bahis\u00e7ilerin olmak istedi\u011fi yer buras\u0131, kesinlikle denemek isteyece\u011finiz masa oyunu bu.<\/p>\n\t\t\t\t\t<\/div>\n\t\t\t\t\t\t<\/div>\n\t\t\t\t<\/div>\n\t\t\t\t<div class=\"elementor-element elementor-element-3e91848 elementor-widget elementor-widget-wd_text_block\" data-id=\"3e91848\" data-element_type=\"widget\" data-e-type=\"widget\" data-widget_type=\"wd_text_block.default\">\n\t\t\t\t<div class=\"elementor-widget-container\">\n\t\t\t\t\t\t\t<div class=\"wd-text-block reset-last-child text-left\">\n\t\t\t\n\t\t\t<p>Rulet bir \u015fans oyunudur. 0'dan 36'ya kadar olan 37 say\u0131dan herhangi birini se\u00e7me f\u0131rsat\u0131n\u0131z vard\u0131r. <br>Rulet \u00e7ark\u0131nda, top d\u00f6nmeden \u00f6nce veya top d\u00f6nerken, istedi\u011finiz kadar tek bir say\u0131ya veya say\u0131 kombinasyonuna bahis yapabilirsiniz. Krupiye, \"bahis yok\" diyerek bahis yapmay\u0131 b\u0131rakman\u0131z gerekti\u011fini size bildirecektir.<br>Top kazanan say\u0131ya d\u00fc\u015ft\u00fc\u011f\u00fcnde, t\u00fcm kaybeden bahisler silinecek ve t\u00fcm kazanan bahisler buna g\u00f6re \u00f6denecektir.<br>Tek say\u0131: tek bir say\u0131y\u0131 kapsar ve 35'e 1 oran\u0131nda \u00f6deme yapar.<br>B\u00f6l\u00fcnm\u00fc\u015f say\u0131: iki say\u0131y\u0131 kapsar ve 17'ye 1 oran\u0131nda \u00f6deme yapar.<br>S\u0131ra say\u0131: \u00fc\u00e7 say\u0131dan olu\u015fan bir s\u0131ra ve 11'e 1 oran\u0131nda \u00f6deme yapar.<br>K\u00f6\u015fe say\u0131: d\u00f6rt say\u0131y\u0131 kapsar ve 8'e 1 oran\u0131nda \u00f6deme yapar.<br>Alt\u0131 say\u0131: alt\u0131 say\u0131y\u0131 kapsar ve 5'e 1 oran\u0131nda \u00f6deme yapar. <\/p><p><strong>D\u0131\u015far\u0131dan bahisler<\/strong><\/p><p>S\u00fctun: Her d\u00fczenin alt\u0131nda, 2:1 etiketli \u00fc\u00e7 kutu bulunur. Bu kutulardan herhangi birine yap\u0131lan bahisler, se\u00e7ilen kutudaki 12 say\u0131y\u0131 kapsar ve 2'ye 1 oran\u0131nda \u00f6denir.<br>D\u00fczine: D\u00fczende her biri 12 say\u0131dan olu\u015fan \u00fc\u00e7 grup vard\u0131r. \u0130lk on iki, ikinci on iki ve \u00fc\u00e7\u00fcnc\u00fc on iki.<br>Se\u00e7ti\u011finiz gruptaki herhangi bir say\u0131 kazan\u0131rsa, 2'ye 1 oran\u0131nda \u00f6deme al\u0131rs\u0131n\u0131z.<br>E\u015fit \u015eanslar: Toplamda alt\u0131 bahis se\u00e7ene\u011finiz vard\u0131r ve her biri 1'e 1 oran\u0131nda \u00f6denir. K\u0131rm\u0131z\u0131 ve siyah say\u0131lar, y\u00fcksek veya d\u00fc\u015f\u00fck say\u0131lar ve \u00e7ift veya tek say\u0131lar aras\u0131nda se\u00e7im yapabilirsiniz. S\u0131f\u0131r kazanan say\u0131 ise, hepsini temizler.    <\/p><p><strong>Yar\u0131\u015f pisti bahisleri<\/strong><\/p><p>Rulet oyunumuz, yar\u0131\u015f pisti ve Frans\u0131z bahisleri ile daha fazla heyecan sunuyor. Kom\u015fu bahisleri: Kom\u015fu bahsi, se\u00e7ilen bir say\u0131 ve solundan 2, sa\u011f\u0131ndan 2 kom\u015fu say\u0131dan olu\u015fan 5 par\u00e7al\u0131 bir bahistir (minimum 25 euro). Bu be\u015f say\u0131dan herhangi biri kazan\u0131rsa, yat\u0131rd\u0131\u011f\u0131n\u0131z miktar, bu say\u0131lar\u0131n her birine e\u015fit olarak da\u011f\u0131t\u0131l\u0131r.<br>Frans\u0131z bahisleri: \u00c7ark\u0131n farkl\u0131 b\u00f6l\u00fcmlerini kapsayan alt\u0131 farkl\u0131 Frans\u0131z bahsi sunuyoruz: S\u0131f\u0131r bahsi: 17 say\u0131y\u0131 kapsayan 9 par\u00e7al\u0131 bir bahis (minimum 45 \u20ac).<br>S\u0131f\u0131r bahisi: 7 say\u0131y\u0131 kapsayan 4 par\u00e7al\u0131 bir bahis (minimum 20 euro).<br>NASA: 8 say\u0131y\u0131 kapsayan 5 par\u00e7al\u0131 bir bahis (minimum 25 euro).<br>Yetimler: 8 say\u0131y\u0131 kapsayan 5 par\u00e7al\u0131 bir bahis (minimum 25 euro).<br>Tier: 12 say\u0131y\u0131 kapsayan 6 par\u00e7al\u0131k bahis (minimum 30 euro).<br>Ferrari: 12 say\u0131y\u0131 kapsayan 10 par\u00e7al\u0131k bahis (minimum 50 euro).<br>Masalar\u0131m\u0131zdaki minimum ve maksimum bahis miktarlar\u0131 i\u00e7in l\u00fctfen canl\u0131 oyun ekibimizden herhangi birine dan\u0131\u015f\u0131n. <\/p>\n\t\t\t\t\t<\/div>\n\t\t\t\t\t\t<\/div>\n\t\t\t\t<\/div>\n\t\t\t\t<\/div>\n\t\t\t\t\t<\/div>\n\t\t\t\t<\/div>\n\t\t\t\t<\/div>\n\t\t","protected":false},"excerpt":{"rendered":"<p>Amerikan ruleti Nas\u0131l Oynan\u0131r Klasik kumarhane oyunu, ihti\u015fam\u0131 ve sofistike yap\u0131s\u0131yla bilinir.\u0130konik d\u00f6nen \u00e7ark\u0131n heyecan\u0131n\u0131 ya\u015famak ve topun \u015fansl\u0131 numaran\u0131za<\/p>\n","protected":false},"author":1,"featured_media":0,"parent":0,"menu_order":0,"comment_status":"closed","ping_status":"closed","template":"","meta":{"footnotes":""},"class_list":["post-38063","page","type-page","status-publish","hentry"],"yoast_head":"<!-- This site is optimized with the Yoast SEO Premium plugin v27.4 (Yoast SEO v27.5) - https:\/\/yoast.com\/product\/yoast-seo-premium-wordpress\/ -->\n<title>Amerikan ruleti -<\/title>\n<meta name=\"robots\" content=\"index, follow, max-snippet:-1, max-image-preview:large, max-video-preview:-1\" \/>\n<link rel=\"canonical\" href=\"https:\/\/princesscasino.mk\/tr\/american-roulette\/\" \/>\n<meta property=\"og:locale\" content=\"tr_TR\" \/>\n<meta property=\"og:type\" content=\"article\" \/>\n<meta property=\"og:title\" content=\"Amerikan ruleti\" \/>\n<meta property=\"og:description\" content=\"Amerikan ruleti Nas\u0131l Oynan\u0131r Klasik kumarhane oyunu, ihti\u015fam\u0131 ve sofistike yap\u0131s\u0131yla bilinir.\u0130konik d\u00f6nen \u00e7ark\u0131n heyecan\u0131n\u0131 ya\u015famak ve topun \u015fansl\u0131 numaran\u0131za\" \/>\n<meta property=\"og:url\" content=\"https:\/\/princesscasino.mk\/tr\/american-roulette\/\" \/>\n<meta property=\"article:publisher\" content=\"https:\/\/www.facebook.com\/princesshotelcasinogevgelija\" \/>\n<meta property=\"article:modified_time\" content=\"2026-04-24T21:06:29+00:00\" \/>\n<meta property=\"og:image\" content=\"https:\/\/princesscasino.mk\/wp-content\/uploads\/2026\/02\/roulette-1.png\" \/>\n<meta name=\"twitter:card\" content=\"summary_large_image\" \/>\n<meta name=\"twitter:label1\" content=\"Tahmini okuma s\u00fcresi\" \/>\n\t<meta name=\"twitter:data1\" content=\"2 dakika\" \/>\n<script type=\"application\/ld+json\" class=\"yoast-schema-graph\">{\"@context\":\"https:\\\/\\\/schema.org\",\"@graph\":[{\"@type\":\"WebPage\",\"@id\":\"https:\\\/\\\/princesscasino.mk\\\/tr\\\/american-roulette\\\/\",\"url\":\"https:\\\/\\\/princesscasino.mk\\\/tr\\\/american-roulette\\\/\",\"name\":\"Amerikan ruleti -\",\"isPartOf\":{\"@id\":\"https:\\\/\\\/princesscasino.mk\\\/#website\"},\"primaryImageOfPage\":{\"@id\":\"https:\\\/\\\/princesscasino.mk\\\/tr\\\/american-roulette\\\/#primaryimage\"},\"image\":{\"@id\":\"https:\\\/\\\/princesscasino.mk\\\/tr\\\/american-roulette\\\/#primaryimage\"},\"thumbnailUrl\":\"https:\\\/\\\/princesscasino.mk\\\/wp-content\\\/uploads\\\/2026\\\/02\\\/roulette-1.png\",\"datePublished\":\"2026-02-11T21:42:17+00:00\",\"dateModified\":\"2026-04-24T21:06:29+00:00\",\"breadcrumb\":{\"@id\":\"https:\\\/\\\/princesscasino.mk\\\/tr\\\/american-roulette\\\/#breadcrumb\"},\"inLanguage\":\"tr\",\"potentialAction\":[{\"@type\":\"ReadAction\",\"target\":[\"https:\\\/\\\/princesscasino.mk\\\/tr\\\/american-roulette\\\/\"]}]},{\"@type\":\"ImageObject\",\"inLanguage\":\"tr\",\"@id\":\"https:\\\/\\\/princesscasino.mk\\\/tr\\\/american-roulette\\\/#primaryimage\",\"url\":\"https:\\\/\\\/princesscasino.mk\\\/wp-content\\\/uploads\\\/2026\\\/02\\\/roulette-1.png\",\"contentUrl\":\"https:\\\/\\\/princesscasino.mk\\\/wp-content\\\/uploads\\\/2026\\\/02\\\/roulette-1.png\"},{\"@type\":\"BreadcrumbList\",\"@id\":\"https:\\\/\\\/princesscasino.mk\\\/tr\\\/american-roulette\\\/#breadcrumb\",\"itemListElement\":[{\"@type\":\"ListItem\",\"position\":1,\"name\":\"Home\",\"item\":\"https:\\\/\\\/princesscasino.mk\\\/tr\\\/home\\\/\"},{\"@type\":\"ListItem\",\"position\":2,\"name\":\"Amerikan ruleti\"}]},{\"@type\":\"WebSite\",\"@id\":\"https:\\\/\\\/princesscasino.mk\\\/#website\",\"url\":\"https:\\\/\\\/princesscasino.mk\\\/\",\"name\":\"https:\\\/\\\/princesscasino.mk\",\"description\":\"\",\"publisher\":{\"@id\":\"https:\\\/\\\/princesscasino.mk\\\/#organization\"},\"potentialAction\":[{\"@type\":\"SearchAction\",\"target\":{\"@type\":\"EntryPoint\",\"urlTemplate\":\"https:\\\/\\\/princesscasino.mk\\\/?s={search_term_string}\"},\"query-input\":{\"@type\":\"PropertyValueSpecification\",\"valueRequired\":true,\"valueName\":\"search_term_string\"}}],\"inLanguage\":\"tr\"},{\"@type\":\"Organization\",\"@id\":\"https:\\\/\\\/princesscasino.mk\\\/#organization\",\"name\":\"Princess Casino Gevgelija\",\"url\":\"https:\\\/\\\/princesscasino.mk\\\/\",\"logo\":{\"@type\":\"ImageObject\",\"inLanguage\":\"tr\",\"@id\":\"https:\\\/\\\/princesscasino.mk\\\/#\\\/schema\\\/logo\\\/image\\\/\",\"url\":\"https:\\\/\\\/princesscasino.mk\\\/wp-content\\\/uploads\\\/2025\\\/12\\\/princess_logo.png\",\"contentUrl\":\"https:\\\/\\\/princesscasino.mk\\\/wp-content\\\/uploads\\\/2025\\\/12\\\/princess_logo.png\",\"width\":900,\"height\":768,\"caption\":\"Princess Casino Gevgelija\"},\"image\":{\"@id\":\"https:\\\/\\\/princesscasino.mk\\\/#\\\/schema\\\/logo\\\/image\\\/\"},\"sameAs\":[\"https:\\\/\\\/www.facebook.com\\\/princesshotelcasinogevgelija\"]}]}<\/script>\n<!-- \/ Yoast SEO Premium plugin. -->","yoast_head_json":{"title":"Amerikan ruleti -","robots":{"index":"index","follow":"follow","max-snippet":"max-snippet:-1","max-image-preview":"max-image-preview:large","max-video-preview":"max-video-preview:-1"},"canonical":"https:\/\/princesscasino.mk\/tr\/american-roulette\/","og_locale":"tr_TR","og_type":"article","og_title":"Amerikan ruleti","og_description":"Amerikan ruleti Nas\u0131l Oynan\u0131r Klasik kumarhane oyunu, ihti\u015fam\u0131 ve sofistike yap\u0131s\u0131yla bilinir.\u0130konik d\u00f6nen \u00e7ark\u0131n heyecan\u0131n\u0131 ya\u015famak ve topun \u015fansl\u0131 numaran\u0131za","og_url":"https:\/\/princesscasino.mk\/tr\/american-roulette\/","article_publisher":"https:\/\/www.facebook.com\/princesshotelcasinogevgelija","article_modified_time":"2026-04-24T21:06:29+00:00","og_image":[{"url":"https:\/\/princesscasino.mk\/wp-content\/uploads\/2026\/02\/roulette-1.png","type":"","width":"","height":""}],"twitter_card":"summary_large_image","twitter_misc":{"Tahmini okuma s\u00fcresi":"2 dakika"},"schema":{"@context":"https:\/\/schema.org","@graph":[{"@type":"WebPage","@id":"https:\/\/princesscasino.mk\/tr\/american-roulette\/","url":"https:\/\/princesscasino.mk\/tr\/american-roulette\/","name":"Amerikan ruleti -","isPartOf":{"@id":"https:\/\/princesscasino.mk\/#website"},"primaryImageOfPage":{"@id":"https:\/\/princesscasino.mk\/tr\/american-roulette\/#primaryimage"},"image":{"@id":"https:\/\/princesscasino.mk\/tr\/american-roulette\/#primaryimage"},"thumbnailUrl":"https:\/\/princesscasino.mk\/wp-content\/uploads\/2026\/02\/roulette-1.png","datePublished":"2026-02-11T21:42:17+00:00","dateModified":"2026-04-24T21:06:29+00:00","breadcrumb":{"@id":"https:\/\/princesscasino.mk\/tr\/american-roulette\/#breadcrumb"},"inLanguage":"tr","potentialAction":[{"@type":"ReadAction","target":["https:\/\/princesscasino.mk\/tr\/american-roulette\/"]}]},{"@type":"ImageObject","inLanguage":"tr","@id":"https:\/\/princesscasino.mk\/tr\/american-roulette\/#primaryimage","url":"https:\/\/princesscasino.mk\/wp-content\/uploads\/2026\/02\/roulette-1.png","contentUrl":"https:\/\/princesscasino.mk\/wp-content\/uploads\/2026\/02\/roulette-1.png"},{"@type":"BreadcrumbList","@id":"https:\/\/princesscasino.mk\/tr\/american-roulette\/#breadcrumb","itemListElement":[{"@type":"ListItem","position":1,"name":"Home","item":"https:\/\/princesscasino.mk\/tr\/home\/"},{"@type":"ListItem","position":2,"name":"Amerikan ruleti"}]},{"@type":"WebSite","@id":"https:\/\/princesscasino.mk\/#website","url":"https:\/\/princesscasino.mk\/","name":"https:\/\/princesscasino.mk","description":"","publisher":{"@id":"https:\/\/princesscasino.mk\/#organization"},"potentialAction":[{"@type":"SearchAction","target":{"@type":"EntryPoint","urlTemplate":"https:\/\/princesscasino.mk\/?s={search_term_string}"},"query-input":{"@type":"PropertyValueSpecification","valueRequired":true,"valueName":"search_term_string"}}],"inLanguage":"tr"},{"@type":"Organization","@id":"https:\/\/princesscasino.mk\/#organization","name":"Princess Casino Gevgelija","url":"https:\/\/princesscasino.mk\/","logo":{"@type":"ImageObject","inLanguage":"tr","@id":"https:\/\/princesscasino.mk\/#\/schema\/logo\/image\/","url":"https:\/\/princesscasino.mk\/wp-content\/uploads\/2025\/12\/princess_logo.png","contentUrl":"https:\/\/princesscasino.mk\/wp-content\/uploads\/2025\/12\/princess_logo.png","width":900,"height":768,"caption":"Princess Casino Gevgelija"},"image":{"@id":"https:\/\/princesscasino.mk\/#\/schema\/logo\/image\/"},"sameAs":["https:\/\/www.facebook.com\/princesshotelcasinogevgelija"]}]}},"_links":{"self":[{"href":"https:\/\/princesscasino.mk\/tr\/wp-json\/wp\/v2\/pages\/38063","targetHints":{"allow":["GET"]}}],"collection":[{"href":"https:\/\/princesscasino.mk\/tr\/wp-json\/wp\/v2\/pages"}],"about":[{"href":"https:\/\/princesscasino.mk\/tr\/wp-json\/wp\/v2\/types\/page"}],"author":[{"embeddable":true,"href":"https:\/\/princesscasino.mk\/tr\/wp-json\/wp\/v2\/users\/1"}],"replies":[{"embeddable":true,"href":"https:\/\/princesscasino.mk\/tr\/wp-json\/wp\/v2\/comments?post=38063"}],"version-history":[{"count":2,"href":"https:\/\/princesscasino.mk\/tr\/wp-json\/wp\/v2\/pages\/38063\/revisions"}],"predecessor-version":[{"id":38074,"href":"https:\/\/princesscasino.mk\/tr\/wp-json\/wp\/v2\/pages\/38063\/revisions\/38074"}],"wp:attachment":[{"href":"https:\/\/princesscasino.mk\/tr\/wp-json\/wp\/v2\/media?parent=38063"}],"curies":[{"name":"wp","href":"https:\/\/api.w.org\/{rel}","templated":true}]}}