{"id":38085,"date":"2026-02-16T23:55:28","date_gmt":"2026-02-16T23:55:28","guid":{"rendered":"https:\/\/princesscasino.mk\/blackjack\/"},"modified":"2026-04-24T21:31:58","modified_gmt":"2026-04-24T21:31:58","slug":"blackjack","status":"publish","type":"page","link":"https:\/\/princesscasino.mk\/tr\/blackjack\/","title":{"rendered":"Blackjack"},"content":{"rendered":"\t\t<div data-elementor-type=\"wp-page\" data-elementor-id=\"38085\" class=\"elementor elementor-38085 elementor-31944\" data-elementor-post-type=\"page\">\n\t\t\t\t<div class=\"wd-negative-gap elementor-element elementor-element-3a5c065 wd-section-stretch-content e-flex e-con-boxed e-con e-parent\" data-id=\"3a5c065\" data-element_type=\"container\" data-e-type=\"container\" data-settings=\"{&quot;background_background&quot;:&quot;classic&quot;}\">\n\t\t\t\t\t<div class=\"e-con-inner\">\n\t\t<div class=\"elementor-element elementor-element-9fa9f97 e-con-full wd-section-stretch-content e-flex e-con e-child\" data-id=\"9fa9f97\" data-element_type=\"container\" data-e-type=\"container\">\n\t\t<div class=\"elementor-element elementor-element-a832c1f e-con-full e-flex e-con e-child\" data-id=\"a832c1f\" data-element_type=\"container\" data-e-type=\"container\" data-settings=\"{&quot;motion_fx_motion_fx_scrolling&quot;:&quot;yes&quot;,&quot;motion_fx_translateY_effect&quot;:&quot;yes&quot;,&quot;motion_fx_translateY_speed&quot;:{&quot;unit&quot;:&quot;px&quot;,&quot;size&quot;:4,&quot;sizes&quot;:[]},&quot;motion_fx_translateY_affectedRange&quot;:{&quot;unit&quot;:&quot;%&quot;,&quot;size&quot;:&quot;&quot;,&quot;sizes&quot;:{&quot;start&quot;:0,&quot;end&quot;:100}},&quot;motion_fx_devices&quot;:[&quot;desktop&quot;,&quot;tablet&quot;,&quot;mobile&quot;]}\">\n\t\t\t\t<div class=\"elementor-element elementor-element-89335aa elementor-widget elementor-widget-wd_image_or_svg\" data-id=\"89335aa\" data-element_type=\"widget\" data-e-type=\"widget\" data-widget_type=\"wd_image_or_svg.default\">\n\t\t\t\t<div class=\"elementor-widget-container\">\n\t\t\t\t\t\n\t\t<div class=\"wd-image text-center\">\n\t\t\t\t\t\t\t\t<img loading=\"lazy\" decoding=\"async\" width=\"545\" height=\"644\" src=\"https:\/\/princesscasino.mk\/wp-content\/uploads\/2026\/02\/black_slide.png\" class=\"attachment-full size-full\" alt=\"\" srcset=\"https:\/\/princesscasino.mk\/wp-content\/uploads\/2026\/02\/black_slide.png 545w, https:\/\/princesscasino.mk\/wp-content\/uploads\/2026\/02\/black_slide-430x508.png 430w, https:\/\/princesscasino.mk\/wp-content\/uploads\/2026\/02\/black_slide-150x177.png 150w, https:\/\/princesscasino.mk\/wp-content\/uploads\/2026\/02\/black_slide-254x300.png 254w\" sizes=\"auto, (max-width: 545px) 100vw, 545px\" \/>\t\t\t\t\t<\/div>\n\n\t\t\t\t\t\t<\/div>\n\t\t\t\t<\/div>\n\t\t\t\t<\/div>\n\t\t<div class=\"elementor-element elementor-element-f2ac633 e-con-full e-flex e-con e-child\" data-id=\"f2ac633\" data-element_type=\"container\" data-e-type=\"container\">\n\t\t\t\t<div class=\"elementor-element elementor-element-1a7b8fe wd-animation-slide-from-bottom wd-animation-normal wd_delay_100 wd-animation wd-transform elementor-widget elementor-widget-wd_text_block\" data-id=\"1a7b8fe\" data-element_type=\"widget\" data-e-type=\"widget\" data-widget_type=\"wd_text_block.default\">\n\t\t\t\t<div class=\"elementor-widget-container\">\n\t\t\t\t\t\t\t<div class=\"wd-text-block reset-last-child text-left\">\n\t\t\t\n\t\t\t<p>Blackjack<\/p>\n\t\t\t\t\t<\/div>\n\t\t\t\t\t\t<\/div>\n\t\t\t\t<\/div>\n\t\t\t\t<div class=\"elementor-element elementor-element-d005ddb wd-animation-slide-from-bottom wd_delay_300 wd-width-100 wd-animation-normal wd-animation wd-transform elementor-widget elementor-widget-wd_title\" data-id=\"d005ddb\" data-element_type=\"widget\" data-e-type=\"widget\" data-widget_type=\"wd_title.default\">\n\t\t\t\t<div class=\"elementor-widget-container\">\n\t\t\t\t\t\t\t<div class=\"title-wrapper wd-set-mb reset-last-child wd-title-color-default wd-title-style-default wd-title-size-default text-left\">\n\n\t\t\t\n\t\t\t<div class=\"liner-continer\">\n\t\t\t\t<h4 class=\"woodmart-title-container title wd-fontsize-l\">Nas\u0131l Oynan\u0131r<\/h4> \n\t\t\t\t\t\t\t<\/div>\n\n\t\t\t\t\t<\/div>\n\t\t\t\t\t\t<\/div>\n\t\t\t\t<\/div>\n\t\t\t\t<div class=\"elementor-element elementor-element-8d20431 wd-animation-slide-from-bottom wd-animation-normal wd_delay_100 wd-animation wd-transform elementor-widget elementor-widget-wd_text_block\" data-id=\"8d20431\" data-element_type=\"widget\" data-e-type=\"widget\" data-widget_type=\"wd_text_block.default\">\n\t\t\t\t<div class=\"elementor-widget-container\">\n\t\t\t\t\t\t\t<div class=\"wd-text-block reset-last-child text-left\">\n\t\t\t\n\t\t\t<p>T\u00fcm zamanlar\u0131n en pop\u00fcler oyunlar\u0131ndan biri olan bu heyecan verici ve oynamas\u0131 kolay kart oyununda ama\u00e7, 21'i ge\u00e7meden krupiyenin elinden daha y\u00fcksek toplam de\u011fere sahip bir el olu\u015fturmakt\u0131r. Stratejik se\u00e7imlerinizi yap\u0131n, becerilerinizi \u015fansla birle\u015ftirin.  <\/p>\n\t\t\t\t\t<\/div>\n\t\t\t\t\t\t<\/div>\n\t\t\t\t<\/div>\n\t\t\t\t<div class=\"elementor-element elementor-element-fcdd974 elementor-widget elementor-widget-wd_text_block\" data-id=\"fcdd974\" data-element_type=\"widget\" data-e-type=\"widget\" data-widget_type=\"wd_text_block.default\">\n\t\t\t\t<div class=\"elementor-widget-container\">\n\t\t\t\t\t\t\t<div class=\"wd-text-block reset-last-child text-left\">\n\t\t\t\n\t\t\t<p>Masada i\u015faretlenmi\u015f bahis alanlar\u0131na (kutulara) bahis koyun. Her kutuda bir ana bahis ve iki arka bahis bulunur.<br>Ana bahsi koyan oyuncu, o kutuyu y\u00f6neten oyuncudur.<br>Bahis bulunan her kutuya iki kart a\u00e7\u0131k olarak da\u011f\u0131t\u0131l\u0131r ve krupiyeye sadece bir kart a\u00e7\u0131k olarak verilir.<br>Krallar, krali\u00e7eler, valeler ve onlular\u0131n de\u011feri 10'dur. As\u0131n de\u011feri 1 veya 11'dir. Geri kalan kartlar kendi de\u011ferleriyle say\u0131l\u0131r.<br>E\u011fer bu iki kart, de\u011feri 10 olan herhangi bir kart ve bir as ise, oyunun ad\u0131 budur. Bu bir blackjack ve 3'e 2 oran\u0131nda \u00f6deniyor.<br>Bu senaryoda krupiyenin kart\u0131 as ise, hemen e\u015fit para kazanma veya sonucu bekleyip kart \u00e7ekme veya 3'e 2 oran\u0131nda \u00f6deme alma se\u00e7ene\u011finiz vard\u0131r.<br>Di\u011fer iki kartta ise, ya durmaya ya da istedi\u011finiz kadar kart \u00e7ekmeye karar vermelisiniz, amac\u0131n\u0131z toplamda 21'e m\u00fcmk\u00fcn oldu\u011funca yak\u0131n olmakt\u0131r.<br>T\u00fcm oyuncular s\u0131ras\u0131n\u0131 tamamlad\u0131ktan sonra, krupiye eline bir kart daha \u00e7eker. Krupiye 16'ya kadar kart \u00e7ekmeli ve 17 veya daha y\u00fcksek bir say\u0131da durmal\u0131d\u0131r.<br>Kartlar\u0131n\u0131z\u0131n toplam\u0131 krupiyenin kartlar\u0131ndan 21'e daha yak\u0131nsa, kazan\u0131rs\u0131n\u0131z!<br>Kartlar\u0131n\u0131z ve krupiyenin kart\u0131 e\u015fit de\u011ferdeyse, berabere kal\u0131rs\u0131n\u0131z; kaybetmezsiniz ve kazanmazs\u0131n\u0131z. Blackjack hari\u00e7, t\u00fcm kazanan bahisler 1'e 1 oran\u0131nda \u00f6denir; blackjack ise 3'e 2 oran\u0131nda \u00f6denir.      <\/p><p><strong>Blackjack'te iste\u011fe ba\u011fl\u0131 hamleler - siz karar verin.<\/strong><\/p><p>\u00c7ifte Bahis: Herhangi bir iki kart kombinasyonunda orijinal bahsinizi ikiye katlayabilirsiniz; size sadece bir kart verilecek ve bu da kazanc\u0131n\u0131z\u0131 ikiye katlama \u015fans\u0131 verecektir.<br>B\u00f6lme: Ayn\u0131 de\u011fere sahip herhangi bir kart \u00e7iftini, ek bir bahis yaparak b\u00f6lebilirsiniz.<br>Bu bahis, orijinal bahsinizle ayn\u0131d\u0131r. Ard\u0131ndan, b\u00f6ld\u00fc\u011f\u00fcn\u00fcz kartlar\u0131n her birine ek bir kart daha verilir ve iki yeni el olu\u015fturulur. Aslar\u0131 b\u00f6lerseniz, her bir asa yaln\u0131zca bir kart gelir ve 10 de\u011ferinde bir kart gelirse, toplam 21 olur, blackjack olmaz.  <br>Sigorta: Krupiyenin ilk kart\u0131 as ise ve siz onun blackjack yapaca\u011f\u0131n\u0131 d\u00fc\u015f\u00fcn\u00fcyorsan\u0131z, masadaki toplam bahsinizin yar\u0131s\u0131na kadar yeni bir bahis koyma se\u00e7ene\u011finiz vard\u0131r. Krupiye blackjack yaparsa, sigorta 2'ye 1 oran\u0131nda \u00f6denir ve ilk bahislerinizin kayb\u0131n\u0131 kar\u015f\u0131lar. <br>Teslim Olma: \u0130lk iki kart\u0131n\u0131z\u0131 ald\u0131n\u0131z ve masadaki di\u011fer oyunculardan hi\u00e7biri hen\u00fcz \u00fc\u00e7\u00fcnc\u00fc bir kart \u00e7ekme karar\u0131 almad\u0131. Krupiyenin kartlar\u0131na kar\u015f\u0131 bu eli kaybedece\u011finizi hissediyorsunuz, bahsinizin yar\u0131s\u0131n\u0131 kurtarma zaman\u0131 geldi. Bu, krupiyenin kartlar\u0131n\u0131 bu sefer yenemeyece\u011finizi d\u00fc\u015f\u00fcnd\u00fc\u011f\u00fcn\u00fcz her kutu i\u00e7in bahsinizin yar\u0131s\u0131n\u0131 teslim etme se\u00e7ene\u011fi sunar.  <\/p><p><br><strong>Masalar\u0131m\u0131zdaki minimum ve maksimum limitler hakk\u0131nda bilgi almak i\u00e7in l\u00fctfen canl\u0131 oyun ekibimizdeki personelimizden herhangi birine dan\u0131\u015f\u0131n.<\/strong><\/p>\n\t\t\t\t\t<\/div>\n\t\t\t\t\t\t<\/div>\n\t\t\t\t<\/div>\n\t\t\t\t<\/div>\n\t\t\t\t<\/div>\n\t\t\t\t\t<\/div>\n\t\t\t\t<\/div>\n\t\t\t\t<\/div>\n\t\t","protected":false},"excerpt":{"rendered":"<p>Blackjack Nas\u0131l Oynan\u0131r T\u00fcm zamanlar\u0131n en pop\u00fcler oyunlar\u0131ndan biri olan bu heyecan verici ve oynamas\u0131 kolay kart oyununda ama\u00e7, 21&#8217;i<\/p>\n","protected":false},"author":1,"featured_media":0,"parent":0,"menu_order":0,"comment_status":"closed","ping_status":"closed","template":"","meta":{"footnotes":""},"class_list":["post-38085","page","type-page","status-publish","hentry"],"yoast_head":"<!-- This site is optimized with the Yoast SEO Premium plugin v27.4 (Yoast SEO v27.5) - https:\/\/yoast.com\/product\/yoast-seo-premium-wordpress\/ -->\n<title>Blackjack -<\/title>\n<meta name=\"robots\" content=\"index, follow, max-snippet:-1, max-image-preview:large, max-video-preview:-1\" \/>\n<link rel=\"canonical\" href=\"https:\/\/princesscasino.mk\/tr\/blackjack\/\" \/>\n<meta property=\"og:locale\" content=\"tr_TR\" \/>\n<meta property=\"og:type\" content=\"article\" \/>\n<meta property=\"og:title\" content=\"Blackjack\" \/>\n<meta property=\"og:description\" content=\"Blackjack Nas\u0131l Oynan\u0131r T\u00fcm zamanlar\u0131n en pop\u00fcler oyunlar\u0131ndan biri olan bu heyecan verici ve oynamas\u0131 kolay kart oyununda ama\u00e7, 21&#8217;i\" \/>\n<meta property=\"og:url\" content=\"https:\/\/princesscasino.mk\/tr\/blackjack\/\" \/>\n<meta property=\"article:publisher\" content=\"https:\/\/www.facebook.com\/princesshotelcasinogevgelija\" \/>\n<meta property=\"article:modified_time\" content=\"2026-04-24T21:31:58+00:00\" \/>\n<meta property=\"og:image\" content=\"https:\/\/princesscasino.mk\/wp-content\/uploads\/2026\/02\/black_slide.png\" \/>\n<meta name=\"twitter:card\" content=\"summary_large_image\" \/>\n<meta name=\"twitter:label1\" content=\"Tahmini okuma s\u00fcresi\" \/>\n\t<meta name=\"twitter:data1\" content=\"3 dakika\" \/>\n<script type=\"application\/ld+json\" class=\"yoast-schema-graph\">{\"@context\":\"https:\\\/\\\/schema.org\",\"@graph\":[{\"@type\":\"WebPage\",\"@id\":\"https:\\\/\\\/princesscasino.mk\\\/tr\\\/blackjack\\\/\",\"url\":\"https:\\\/\\\/princesscasino.mk\\\/tr\\\/blackjack\\\/\",\"name\":\"Blackjack -\",\"isPartOf\":{\"@id\":\"https:\\\/\\\/princesscasino.mk\\\/#website\"},\"primaryImageOfPage\":{\"@id\":\"https:\\\/\\\/princesscasino.mk\\\/tr\\\/blackjack\\\/#primaryimage\"},\"image\":{\"@id\":\"https:\\\/\\\/princesscasino.mk\\\/tr\\\/blackjack\\\/#primaryimage\"},\"thumbnailUrl\":\"https:\\\/\\\/princesscasino.mk\\\/wp-content\\\/uploads\\\/2026\\\/02\\\/black_slide.png\",\"datePublished\":\"2026-02-16T23:55:28+00:00\",\"dateModified\":\"2026-04-24T21:31:58+00:00\",\"breadcrumb\":{\"@id\":\"https:\\\/\\\/princesscasino.mk\\\/tr\\\/blackjack\\\/#breadcrumb\"},\"inLanguage\":\"tr\",\"potentialAction\":[{\"@type\":\"ReadAction\",\"target\":[\"https:\\\/\\\/princesscasino.mk\\\/tr\\\/blackjack\\\/\"]}]},{\"@type\":\"ImageObject\",\"inLanguage\":\"tr\",\"@id\":\"https:\\\/\\\/princesscasino.mk\\\/tr\\\/blackjack\\\/#primaryimage\",\"url\":\"https:\\\/\\\/princesscasino.mk\\\/wp-content\\\/uploads\\\/2026\\\/02\\\/black_slide.png\",\"contentUrl\":\"https:\\\/\\\/princesscasino.mk\\\/wp-content\\\/uploads\\\/2026\\\/02\\\/black_slide.png\"},{\"@type\":\"BreadcrumbList\",\"@id\":\"https:\\\/\\\/princesscasino.mk\\\/tr\\\/blackjack\\\/#breadcrumb\",\"itemListElement\":[{\"@type\":\"ListItem\",\"position\":1,\"name\":\"Home\",\"item\":\"https:\\\/\\\/princesscasino.mk\\\/tr\\\/home\\\/\"},{\"@type\":\"ListItem\",\"position\":2,\"name\":\"Blackjack\"}]},{\"@type\":\"WebSite\",\"@id\":\"https:\\\/\\\/princesscasino.mk\\\/#website\",\"url\":\"https:\\\/\\\/princesscasino.mk\\\/\",\"name\":\"https:\\\/\\\/princesscasino.mk\",\"description\":\"\",\"publisher\":{\"@id\":\"https:\\\/\\\/princesscasino.mk\\\/#organization\"},\"potentialAction\":[{\"@type\":\"SearchAction\",\"target\":{\"@type\":\"EntryPoint\",\"urlTemplate\":\"https:\\\/\\\/princesscasino.mk\\\/?s={search_term_string}\"},\"query-input\":{\"@type\":\"PropertyValueSpecification\",\"valueRequired\":true,\"valueName\":\"search_term_string\"}}],\"inLanguage\":\"tr\"},{\"@type\":\"Organization\",\"@id\":\"https:\\\/\\\/princesscasino.mk\\\/#organization\",\"name\":\"Princess Casino Gevgelija\",\"url\":\"https:\\\/\\\/princesscasino.mk\\\/\",\"logo\":{\"@type\":\"ImageObject\",\"inLanguage\":\"tr\",\"@id\":\"https:\\\/\\\/princesscasino.mk\\\/#\\\/schema\\\/logo\\\/image\\\/\",\"url\":\"https:\\\/\\\/princesscasino.mk\\\/wp-content\\\/uploads\\\/2025\\\/12\\\/princess_logo.png\",\"contentUrl\":\"https:\\\/\\\/princesscasino.mk\\\/wp-content\\\/uploads\\\/2025\\\/12\\\/princess_logo.png\",\"width\":900,\"height\":768,\"caption\":\"Princess Casino Gevgelija\"},\"image\":{\"@id\":\"https:\\\/\\\/princesscasino.mk\\\/#\\\/schema\\\/logo\\\/image\\\/\"},\"sameAs\":[\"https:\\\/\\\/www.facebook.com\\\/princesshotelcasinogevgelija\"]}]}<\/script>\n<!-- \/ Yoast SEO Premium plugin. -->","yoast_head_json":{"title":"Blackjack -","robots":{"index":"index","follow":"follow","max-snippet":"max-snippet:-1","max-image-preview":"max-image-preview:large","max-video-preview":"max-video-preview:-1"},"canonical":"https:\/\/princesscasino.mk\/tr\/blackjack\/","og_locale":"tr_TR","og_type":"article","og_title":"Blackjack","og_description":"Blackjack Nas\u0131l Oynan\u0131r T\u00fcm zamanlar\u0131n en pop\u00fcler oyunlar\u0131ndan biri olan bu heyecan verici ve oynamas\u0131 kolay kart oyununda ama\u00e7, 21&#8217;i","og_url":"https:\/\/princesscasino.mk\/tr\/blackjack\/","article_publisher":"https:\/\/www.facebook.com\/princesshotelcasinogevgelija","article_modified_time":"2026-04-24T21:31:58+00:00","og_image":[{"url":"https:\/\/princesscasino.mk\/wp-content\/uploads\/2026\/02\/black_slide.png","type":"","width":"","height":""}],"twitter_card":"summary_large_image","twitter_misc":{"Tahmini okuma s\u00fcresi":"3 dakika"},"schema":{"@context":"https:\/\/schema.org","@graph":[{"@type":"WebPage","@id":"https:\/\/princesscasino.mk\/tr\/blackjack\/","url":"https:\/\/princesscasino.mk\/tr\/blackjack\/","name":"Blackjack -","isPartOf":{"@id":"https:\/\/princesscasino.mk\/#website"},"primaryImageOfPage":{"@id":"https:\/\/princesscasino.mk\/tr\/blackjack\/#primaryimage"},"image":{"@id":"https:\/\/princesscasino.mk\/tr\/blackjack\/#primaryimage"},"thumbnailUrl":"https:\/\/princesscasino.mk\/wp-content\/uploads\/2026\/02\/black_slide.png","datePublished":"2026-02-16T23:55:28+00:00","dateModified":"2026-04-24T21:31:58+00:00","breadcrumb":{"@id":"https:\/\/princesscasino.mk\/tr\/blackjack\/#breadcrumb"},"inLanguage":"tr","potentialAction":[{"@type":"ReadAction","target":["https:\/\/princesscasino.mk\/tr\/blackjack\/"]}]},{"@type":"ImageObject","inLanguage":"tr","@id":"https:\/\/princesscasino.mk\/tr\/blackjack\/#primaryimage","url":"https:\/\/princesscasino.mk\/wp-content\/uploads\/2026\/02\/black_slide.png","contentUrl":"https:\/\/princesscasino.mk\/wp-content\/uploads\/2026\/02\/black_slide.png"},{"@type":"BreadcrumbList","@id":"https:\/\/princesscasino.mk\/tr\/blackjack\/#breadcrumb","itemListElement":[{"@type":"ListItem","position":1,"name":"Home","item":"https:\/\/princesscasino.mk\/tr\/home\/"},{"@type":"ListItem","position":2,"name":"Blackjack"}]},{"@type":"WebSite","@id":"https:\/\/princesscasino.mk\/#website","url":"https:\/\/princesscasino.mk\/","name":"https:\/\/princesscasino.mk","description":"","publisher":{"@id":"https:\/\/princesscasino.mk\/#organization"},"potentialAction":[{"@type":"SearchAction","target":{"@type":"EntryPoint","urlTemplate":"https:\/\/princesscasino.mk\/?s={search_term_string}"},"query-input":{"@type":"PropertyValueSpecification","valueRequired":true,"valueName":"search_term_string"}}],"inLanguage":"tr"},{"@type":"Organization","@id":"https:\/\/princesscasino.mk\/#organization","name":"Princess Casino Gevgelija","url":"https:\/\/princesscasino.mk\/","logo":{"@type":"ImageObject","inLanguage":"tr","@id":"https:\/\/princesscasino.mk\/#\/schema\/logo\/image\/","url":"https:\/\/princesscasino.mk\/wp-content\/uploads\/2025\/12\/princess_logo.png","contentUrl":"https:\/\/princesscasino.mk\/wp-content\/uploads\/2025\/12\/princess_logo.png","width":900,"height":768,"caption":"Princess Casino Gevgelija"},"image":{"@id":"https:\/\/princesscasino.mk\/#\/schema\/logo\/image\/"},"sameAs":["https:\/\/www.facebook.com\/princesshotelcasinogevgelija"]}]}},"_links":{"self":[{"href":"https:\/\/princesscasino.mk\/tr\/wp-json\/wp\/v2\/pages\/38085","targetHints":{"allow":["GET"]}}],"collection":[{"href":"https:\/\/princesscasino.mk\/tr\/wp-json\/wp\/v2\/pages"}],"about":[{"href":"https:\/\/princesscasino.mk\/tr\/wp-json\/wp\/v2\/types\/page"}],"author":[{"embeddable":true,"href":"https:\/\/princesscasino.mk\/tr\/wp-json\/wp\/v2\/users\/1"}],"replies":[{"embeddable":true,"href":"https:\/\/princesscasino.mk\/tr\/wp-json\/wp\/v2\/comments?post=38085"}],"version-history":[{"count":2,"href":"https:\/\/princesscasino.mk\/tr\/wp-json\/wp\/v2\/pages\/38085\/revisions"}],"predecessor-version":[{"id":38093,"href":"https:\/\/princesscasino.mk\/tr\/wp-json\/wp\/v2\/pages\/38085\/revisions\/38093"}],"wp:attachment":[{"href":"https:\/\/princesscasino.mk\/tr\/wp-json\/wp\/v2\/media?parent=38085"}],"curies":[{"name":"wp","href":"https:\/\/api.w.org\/{rel}","templated":true}]}}